{"id":12053,"date":"2026-02-16T11:24:56","date_gmt":"2026-02-16T14:24:56","guid":{"rendered":"https:\/\/www.vivawines.com.br\/loja\/produto\/prd77720\/"},"modified":"2026-02-16T11:24:56","modified_gmt":"2026-02-16T14:24:56","slug":"prd77720","status":"publish","type":"product","link":"https:\/\/www.vivawines.com.br\/loja\/produto\/prd77720\/","title":{"rendered":"Vidigal D\u00e3o D.O.C Blend"},"content":{"rendered":"<p>Tipo de Uva \u2013 40% Touriga Nacional, 40% Jaen, 20% Alfrocheiro.<br \/>\nSafra \u2013 2017<br \/>\nGradua\u00e7\u00e3o Alco\u00f3lica \u2013 13%<br \/>\nVolume \u2013 750 ml<br \/>\nRegi\u00e3o \u2013 D\u00e3o, Portugal.<br \/>\nTipo \u2013 Fino Tinto Meio Seco<br \/>\nElabora\u00e7\u00e3o \u2013 Estagia em tanques de a\u00e7o inox.<br \/>\nHarmoniza\u00e7\u00e3o \u2013 Tartes, aves e carnes assadas.<br \/>\nVis\u00e3o \u2013 Cor rubi definida.<br \/>\nOlfato \u2013 Perfil arom\u00e1tico maduro com fruta jovem, compotas e ligeiras notas de frutos secos.<br \/>\nPaladar \u2013 Meio-encorpado, frutado, macio e com final agrad\u00e1vel.<\/p>\n","protected":false},"excerpt":{"rendered":"<p>Vidigal D\u00e3o D.O.C Blend<\/p>\n","protected":false},"featured_media":12052,"comment_status":"open","ping_status":"closed","template":"","meta":[],"product_cat":[72],"product_tag":[],"_links":{"self":[{"href":"https:\/\/www.vivawines.com.br\/loja\/wp-json\/wp\/v2\/product\/12053"}],"collection":[{"href":"https:\/\/www.vivawines.com.br\/loja\/wp-json\/wp\/v2\/product"}],"about":[{"href":"https:\/\/www.vivawines.com.br\/loja\/wp-json\/wp\/v2\/types\/product"}],"replies":[{"embeddable":true,"href":"https:\/\/www.vivawines.com.br\/loja\/wp-json\/wp\/v2\/comments?post=12053"}],"wp:featuredmedia":[{"embeddable":true,"href":"https:\/\/www.vivawines.com.br\/loja\/wp-json\/wp\/v2\/media\/12052"}],"wp:attachment":[{"href":"https:\/\/www.vivawines.com.br\/loja\/wp-json\/wp\/v2\/media?parent=12053"}],"wp:term":[{"taxonomy":"product_cat","embeddable":true,"href":"https:\/\/www.vivawines.com.br\/loja\/wp-json\/wp\/v2\/product_cat?post=12053"},{"taxonomy":"product_tag","embeddable":true,"href":"https:\/\/www.vivawines.com.br\/loja\/wp-json\/wp\/v2\/product_tag?post=12053"}],"curies":[{"name":"wp","href":"https:\/\/api.w.org\/{rel}","templated":true}]}}