{"id":12055,"date":"2026-02-16T11:25:00","date_gmt":"2026-02-16T14:25:00","guid":{"rendered":"https:\/\/www.vivawines.com.br\/loja\/produto\/prd77726\/"},"modified":"2026-02-16T11:25:00","modified_gmt":"2026-02-16T14:25:00","slug":"prd77726","status":"publish","type":"product","link":"https:\/\/www.vivawines.com.br\/loja\/produto\/prd77726\/","title":{"rendered":"Cinco Vi\u00f1as Tempranillo"},"content":{"rendered":"<p>Tipo de Uva \u2013 Tempranillo<br \/>\nSafra \u2013 2021<br \/>\nGradua\u00e7\u00e3o Alco\u00f3lica \u2013 13%<br \/>\nVolume \u2013 750 ml<br \/>\nRegi\u00e3o \u2013 Castilla, Espanha<br \/>\nTipo \u2013 Fino Tinto Seco<br \/>\nElabora\u00e7\u00e3o \u2013 Estagia 2 meses em barricas de carvalho.<br \/>\nHarmoniza\u00e7\u00e3o \u2013 Carnes vermelhas.<br \/>\nVis\u00e3o \u2013 Vermelho cereja brilhante.<br \/>\nOlfato \u2013 Arom\u00e1tico e frutado.<br \/>\nPaladar \u2013 Equilibrado, fresco e elegante.<\/p>\n","protected":false},"excerpt":{"rendered":"<p>Cinco Vi\u00f1as Tempranillo<\/p>\n","protected":false},"featured_media":12054,"comment_status":"open","ping_status":"closed","template":"","meta":[],"product_cat":[72],"product_tag":[],"_links":{"self":[{"href":"https:\/\/www.vivawines.com.br\/loja\/wp-json\/wp\/v2\/product\/12055"}],"collection":[{"href":"https:\/\/www.vivawines.com.br\/loja\/wp-json\/wp\/v2\/product"}],"about":[{"href":"https:\/\/www.vivawines.com.br\/loja\/wp-json\/wp\/v2\/types\/product"}],"replies":[{"embeddable":true,"href":"https:\/\/www.vivawines.com.br\/loja\/wp-json\/wp\/v2\/comments?post=12055"}],"wp:featuredmedia":[{"embeddable":true,"href":"https:\/\/www.vivawines.com.br\/loja\/wp-json\/wp\/v2\/media\/12054"}],"wp:attachment":[{"href":"https:\/\/www.vivawines.com.br\/loja\/wp-json\/wp\/v2\/media?parent=12055"}],"wp:term":[{"taxonomy":"product_cat","embeddable":true,"href":"https:\/\/www.vivawines.com.br\/loja\/wp-json\/wp\/v2\/product_cat?post=12055"},{"taxonomy":"product_tag","embeddable":true,"href":"https:\/\/www.vivawines.com.br\/loja\/wp-json\/wp\/v2\/product_tag?post=12055"}],"curies":[{"name":"wp","href":"https:\/\/api.w.org\/{rel}","templated":true}]}}