{"id":12057,"date":"2026-02-16T11:25:05","date_gmt":"2026-02-16T14:25:05","guid":{"rendered":"https:\/\/www.vivawines.com.br\/loja\/produto\/prd77767\/"},"modified":"2026-02-16T11:25:05","modified_gmt":"2026-02-16T14:25:05","slug":"prd77767","status":"publish","type":"product","link":"https:\/\/www.vivawines.com.br\/loja\/produto\/prd77767\/","title":{"rendered":"Goye Sauvignon Blanc"},"content":{"rendered":"<p>Tipo de Uva \u2013 Sauvignon Blanc<br \/>\nSafra \u2013 2019<br \/>\nGradua\u00e7\u00e3o Alco\u00f3lica \u2013 13,5%<br \/>\nVolume \u2013 750 ml<br \/>\nRegi\u00e3o \u2013 San Rafael, Mendoza, Argentina<br \/>\nTipo \u2013 Vinho Fino Branco Seco<br \/>\nElabora\u00e7\u00e3o \u2013 Em tanques de Inox<br \/>\nHarmoniza\u00e7\u00e3o \u2013 Frutos do mar, comida japonesa.<br \/>\nVis\u00e3o \u2013 Amarelos com tons esverdeados.<br \/>\nOlfato \u2013 Aromas intensos de frutas tropicais e toranja, abacaxi e defumado das frutas c\u00edtricas.<br \/>\nPaladar \u2013 Refrescante e leve, t\u00edpico de um sauvignon blanc feito com uvas maduras.<\/p>\n","protected":false},"excerpt":{"rendered":"<p>Goye Sauvignon Blanc<\/p>\n","protected":false},"featured_media":12056,"comment_status":"open","ping_status":"closed","template":"","meta":[],"product_cat":[72],"product_tag":[],"_links":{"self":[{"href":"https:\/\/www.vivawines.com.br\/loja\/wp-json\/wp\/v2\/product\/12057"}],"collection":[{"href":"https:\/\/www.vivawines.com.br\/loja\/wp-json\/wp\/v2\/product"}],"about":[{"href":"https:\/\/www.vivawines.com.br\/loja\/wp-json\/wp\/v2\/types\/product"}],"replies":[{"embeddable":true,"href":"https:\/\/www.vivawines.com.br\/loja\/wp-json\/wp\/v2\/comments?post=12057"}],"wp:featuredmedia":[{"embeddable":true,"href":"https:\/\/www.vivawines.com.br\/loja\/wp-json\/wp\/v2\/media\/12056"}],"wp:attachment":[{"href":"https:\/\/www.vivawines.com.br\/loja\/wp-json\/wp\/v2\/media?parent=12057"}],"wp:term":[{"taxonomy":"product_cat","embeddable":true,"href":"https:\/\/www.vivawines.com.br\/loja\/wp-json\/wp\/v2\/product_cat?post=12057"},{"taxonomy":"product_tag","embeddable":true,"href":"https:\/\/www.vivawines.com.br\/loja\/wp-json\/wp\/v2\/product_tag?post=12057"}],"curies":[{"name":"wp","href":"https:\/\/api.w.org\/{rel}","templated":true}]}}