{"id":12059,"date":"2026-02-16T11:25:10","date_gmt":"2026-02-16T14:25:10","guid":{"rendered":"https:\/\/www.vivawines.com.br\/loja\/produto\/prd77809\/"},"modified":"2026-02-16T11:25:10","modified_gmt":"2026-02-16T14:25:10","slug":"prd77809","status":"publish","type":"product","link":"https:\/\/www.vivawines.com.br\/loja\/produto\/prd77809\/","title":{"rendered":"Punto Maximo Bonarda"},"content":{"rendered":"<p>Tipo de Uva \u2013 Bonarda<br \/>\nSafra \u2013 2015<br \/>\nGradua\u00e7\u00e3o Alco\u00f3lica \u2013 13%<br \/>\nVolume \u2013 750 ml<br \/>\nRegi\u00e3o \u2013 Mendoza, Argentina<br \/>\nTipo \u2013 Fino Tinto Seco<br \/>\nElabora\u00e7\u00e3o \u2013 Estagio de 12 meses em barricas de carvalho franc\u00eas.<br \/>\nHarmoniza\u00e7\u00e3o \u2013 Carnes assadas e grelhadas, culin\u00e1ria italiana e portuguesa.<br \/>\nVis\u00e3o \u2013 Rubi.<br \/>\nOlfato \u2013 Frutas vermelhas, amora, framboesa, cassis e cereja.<br \/>\nPaladar \u2013 Boa intendidade, taninos suaves e aveludadas.<\/p>\n","protected":false},"excerpt":{"rendered":"<p>Punto Maximo Bonarda<\/p>\n","protected":false},"featured_media":12058,"comment_status":"open","ping_status":"closed","template":"","meta":[],"product_cat":[72],"product_tag":[],"_links":{"self":[{"href":"https:\/\/www.vivawines.com.br\/loja\/wp-json\/wp\/v2\/product\/12059"}],"collection":[{"href":"https:\/\/www.vivawines.com.br\/loja\/wp-json\/wp\/v2\/product"}],"about":[{"href":"https:\/\/www.vivawines.com.br\/loja\/wp-json\/wp\/v2\/types\/product"}],"replies":[{"embeddable":true,"href":"https:\/\/www.vivawines.com.br\/loja\/wp-json\/wp\/v2\/comments?post=12059"}],"wp:featuredmedia":[{"embeddable":true,"href":"https:\/\/www.vivawines.com.br\/loja\/wp-json\/wp\/v2\/media\/12058"}],"wp:attachment":[{"href":"https:\/\/www.vivawines.com.br\/loja\/wp-json\/wp\/v2\/media?parent=12059"}],"wp:term":[{"taxonomy":"product_cat","embeddable":true,"href":"https:\/\/www.vivawines.com.br\/loja\/wp-json\/wp\/v2\/product_cat?post=12059"},{"taxonomy":"product_tag","embeddable":true,"href":"https:\/\/www.vivawines.com.br\/loja\/wp-json\/wp\/v2\/product_tag?post=12059"}],"curies":[{"name":"wp","href":"https:\/\/api.w.org\/{rel}","templated":true}]}}