{"id":12061,"date":"2026-02-16T11:28:18","date_gmt":"2026-02-16T14:28:18","guid":{"rendered":"https:\/\/www.vivawines.com.br\/loja\/produto\/prd77812\/"},"modified":"2026-02-16T11:28:18","modified_gmt":"2026-02-16T14:28:18","slug":"prd77812","status":"publish","type":"product","link":"https:\/\/www.vivawines.com.br\/loja\/produto\/prd77812\/","title":{"rendered":"M\u00e1s de Cinco Vi\u00f1as Premium Tempranillo"},"content":{"rendered":"<p>Tipo de Uva \u2013 Tempranillo<br \/>\nSafra \u2013 2020<br \/>\nGradua\u00e7\u00e3o Alco\u00f3lica \u2013 13,0%<br \/>\nVolume \u2013 750 ml<br \/>\nRegi\u00e3o \u2013 Castilla, Espanha<br \/>\nTipo \u2013 Fino Tinto Seco<br \/>\nElabora\u00e7\u00e3o \u2013 Estagia 4 meses em barricas de carvalho.<br \/>\nHarmoniza\u00e7\u00e3o \u2013 Carnes vermelhas.<br \/>\nVis\u00e3o \u2013 Vermelho brilhante.<br \/>\nOlfato \u2013 Frutas negras, alca\u00e7uz, chocolates e especiarias.<br \/>\nPaladar \u2013 Elegante, redondo e agrad\u00e1vel.<\/p>\n","protected":false},"excerpt":{"rendered":"<p>M\u00e1s de Cinco Vi\u00f1as Premium Tempranillo<\/p>\n","protected":false},"featured_media":12060,"comment_status":"open","ping_status":"closed","template":"","meta":[],"product_cat":[72],"product_tag":[],"_links":{"self":[{"href":"https:\/\/www.vivawines.com.br\/loja\/wp-json\/wp\/v2\/product\/12061"}],"collection":[{"href":"https:\/\/www.vivawines.com.br\/loja\/wp-json\/wp\/v2\/product"}],"about":[{"href":"https:\/\/www.vivawines.com.br\/loja\/wp-json\/wp\/v2\/types\/product"}],"replies":[{"embeddable":true,"href":"https:\/\/www.vivawines.com.br\/loja\/wp-json\/wp\/v2\/comments?post=12061"}],"wp:featuredmedia":[{"embeddable":true,"href":"https:\/\/www.vivawines.com.br\/loja\/wp-json\/wp\/v2\/media\/12060"}],"wp:attachment":[{"href":"https:\/\/www.vivawines.com.br\/loja\/wp-json\/wp\/v2\/media?parent=12061"}],"wp:term":[{"taxonomy":"product_cat","embeddable":true,"href":"https:\/\/www.vivawines.com.br\/loja\/wp-json\/wp\/v2\/product_cat?post=12061"},{"taxonomy":"product_tag","embeddable":true,"href":"https:\/\/www.vivawines.com.br\/loja\/wp-json\/wp\/v2\/product_tag?post=12061"}],"curies":[{"name":"wp","href":"https:\/\/api.w.org\/{rel}","templated":true}]}}