{"id":12069,"date":"2026-02-16T11:28:38","date_gmt":"2026-02-16T14:28:38","guid":{"rendered":"https:\/\/www.vivawines.com.br\/loja\/produto\/prd77978\/"},"modified":"2026-02-16T11:28:38","modified_gmt":"2026-02-16T14:28:38","slug":"prd77978","status":"publish","type":"product","link":"https:\/\/www.vivawines.com.br\/loja\/produto\/prd77978\/","title":{"rendered":"Dragea Pa\u00e7oca de amendoim 90g Ferana"},"content":{"rendered":"<p>DR\u00c1GEA PA\u00c7OCA DE AMENDOIM 90g<\/p>\n<p>Ingredientes: A\u00e7\u00facar, massa de cacau, manteiga de cacau, leite em p\u00f3 integral, emulsificante lecitina de soja (INS 322), pasta de amendoim refinada e amendoim torrado. CONT\u00c9M GL\u00daTEN.<\/p>\n<p>AL\u00c9RGICOS: CONT\u00c9M LEITE, AMENDOIM E DERIVADOS DE LEITE E SOJA.<\/p>\n","protected":false},"excerpt":{"rendered":"<p>Dragea Pa\u00e7oca de amendoim 90g Ferana<\/p>\n","protected":false},"featured_media":12068,"comment_status":"open","ping_status":"closed","template":"","meta":[],"product_cat":[72],"product_tag":[],"_links":{"self":[{"href":"https:\/\/www.vivawines.com.br\/loja\/wp-json\/wp\/v2\/product\/12069"}],"collection":[{"href":"https:\/\/www.vivawines.com.br\/loja\/wp-json\/wp\/v2\/product"}],"about":[{"href":"https:\/\/www.vivawines.com.br\/loja\/wp-json\/wp\/v2\/types\/product"}],"replies":[{"embeddable":true,"href":"https:\/\/www.vivawines.com.br\/loja\/wp-json\/wp\/v2\/comments?post=12069"}],"wp:featuredmedia":[{"embeddable":true,"href":"https:\/\/www.vivawines.com.br\/loja\/wp-json\/wp\/v2\/media\/12068"}],"wp:attachment":[{"href":"https:\/\/www.vivawines.com.br\/loja\/wp-json\/wp\/v2\/media?parent=12069"}],"wp:term":[{"taxonomy":"product_cat","embeddable":true,"href":"https:\/\/www.vivawines.com.br\/loja\/wp-json\/wp\/v2\/product_cat?post=12069"},{"taxonomy":"product_tag","embeddable":true,"href":"https:\/\/www.vivawines.com.br\/loja\/wp-json\/wp\/v2\/product_tag?post=12069"}],"curies":[{"name":"wp","href":"https:\/\/api.w.org\/{rel}","templated":true}]}}