{"id":12075,"date":"2026-02-16T11:28:49","date_gmt":"2026-02-16T14:28:49","guid":{"rendered":"https:\/\/www.vivawines.com.br\/loja\/produto\/prd78002\/"},"modified":"2026-02-16T11:28:49","modified_gmt":"2026-02-16T14:28:49","slug":"prd78002","status":"publish","type":"product","link":"https:\/\/www.vivawines.com.br\/loja\/produto\/prd78002\/","title":{"rendered":"Suco de Uva Divisa 300ml"},"content":{"rendered":"<p>O suco de uva integral DIVISA \u00e9 elaborado de forma artesanal em pequenos lotes a cada safra, respeitando o inconfund\u00edvel sabor de uva<br \/>\nfresca de forma natural.<\/p>\n<p>Regi\u00e3o: Serra Ga\u00facha &#8211; Flores da Cunha \u2013 RS \u2013 Brasil.<br \/>\nUvas: Bordo e Isabel<br \/>\nQuantidade : 300 ml<\/p>\n<p>N\u00e3o Alc\u00f3olico<br \/>\nSEM adi\u00e7\u00e3o de a\u00e7\u00facar<br \/>\nSEM adi\u00e7\u00e3o de conservantes<br \/>\nSEM adi\u00e7\u00e3o de \u00e1gua<\/p>\n","protected":false},"excerpt":{"rendered":"<p>Suco de Uva Divisa 300ml<\/p>\n","protected":false},"featured_media":12074,"comment_status":"open","ping_status":"closed","template":"","meta":[],"product_cat":[72],"product_tag":[],"_links":{"self":[{"href":"https:\/\/www.vivawines.com.br\/loja\/wp-json\/wp\/v2\/product\/12075"}],"collection":[{"href":"https:\/\/www.vivawines.com.br\/loja\/wp-json\/wp\/v2\/product"}],"about":[{"href":"https:\/\/www.vivawines.com.br\/loja\/wp-json\/wp\/v2\/types\/product"}],"replies":[{"embeddable":true,"href":"https:\/\/www.vivawines.com.br\/loja\/wp-json\/wp\/v2\/comments?post=12075"}],"wp:featuredmedia":[{"embeddable":true,"href":"https:\/\/www.vivawines.com.br\/loja\/wp-json\/wp\/v2\/media\/12074"}],"wp:attachment":[{"href":"https:\/\/www.vivawines.com.br\/loja\/wp-json\/wp\/v2\/media?parent=12075"}],"wp:term":[{"taxonomy":"product_cat","embeddable":true,"href":"https:\/\/www.vivawines.com.br\/loja\/wp-json\/wp\/v2\/product_cat?post=12075"},{"taxonomy":"product_tag","embeddable":true,"href":"https:\/\/www.vivawines.com.br\/loja\/wp-json\/wp\/v2\/product_tag?post=12075"}],"curies":[{"name":"wp","href":"https:\/\/api.w.org\/{rel}","templated":true}]}}