{"id":12077,"date":"2026-02-16T11:28:55","date_gmt":"2026-02-16T14:28:55","guid":{"rendered":"https:\/\/www.vivawines.com.br\/loja\/produto\/prd78009\/"},"modified":"2026-02-16T11:28:55","modified_gmt":"2026-02-16T14:28:55","slug":"prd78009","status":"publish","type":"product","link":"https:\/\/www.vivawines.com.br\/loja\/produto\/prd78009\/","title":{"rendered":"Franc Beausejour Bordeaux Branco"},"content":{"rendered":"<p>Tipo de Uva \u2013 70% Sauvignon Blanc, 30% Semillon<br \/>\nSafra \u2013 2021<br \/>\nGradua\u00e7\u00e3o Alco\u00f3lica \u2013 11,5%<br \/>\nVolume \u2013 750 ml<br \/>\nRegi\u00e3o \u2013 Bourdeaux, Fran\u00e7a<br \/>\nTipo \u2013 Vinho Fino Branco Seco<br \/>\nElabora\u00e7\u00e3o \u2013 Sem passagem em barricas.<br \/>\nHarmoniza\u00e7\u00e3o \u2013  Frutos do mar, peixes e comida japonesa.<br \/>\nVis\u00e3o \u2013 Amarelo palha<br \/>\nOlfato \u2013  Pera e ma\u00e7a verde<br \/>\nPaladar \u2013 Acidez m\u00e9dia<\/p>\n","protected":false},"excerpt":{"rendered":"<p>Franc Beausejour Bordeaux Branco<\/p>\n","protected":false},"featured_media":12076,"comment_status":"open","ping_status":"closed","template":"","meta":[],"product_cat":[72],"product_tag":[],"_links":{"self":[{"href":"https:\/\/www.vivawines.com.br\/loja\/wp-json\/wp\/v2\/product\/12077"}],"collection":[{"href":"https:\/\/www.vivawines.com.br\/loja\/wp-json\/wp\/v2\/product"}],"about":[{"href":"https:\/\/www.vivawines.com.br\/loja\/wp-json\/wp\/v2\/types\/product"}],"replies":[{"embeddable":true,"href":"https:\/\/www.vivawines.com.br\/loja\/wp-json\/wp\/v2\/comments?post=12077"}],"wp:featuredmedia":[{"embeddable":true,"href":"https:\/\/www.vivawines.com.br\/loja\/wp-json\/wp\/v2\/media\/12076"}],"wp:attachment":[{"href":"https:\/\/www.vivawines.com.br\/loja\/wp-json\/wp\/v2\/media?parent=12077"}],"wp:term":[{"taxonomy":"product_cat","embeddable":true,"href":"https:\/\/www.vivawines.com.br\/loja\/wp-json\/wp\/v2\/product_cat?post=12077"},{"taxonomy":"product_tag","embeddable":true,"href":"https:\/\/www.vivawines.com.br\/loja\/wp-json\/wp\/v2\/product_tag?post=12077"}],"curies":[{"name":"wp","href":"https:\/\/api.w.org\/{rel}","templated":true}]}}