{"id":12083,"date":"2026-02-16T11:29:13","date_gmt":"2026-02-16T14:29:13","guid":{"rendered":"https:\/\/www.vivawines.com.br\/loja\/produto\/prd78073\/"},"modified":"2026-02-16T11:29:13","modified_gmt":"2026-02-16T14:29:13","slug":"prd78073","status":"publish","type":"product","link":"https:\/\/www.vivawines.com.br\/loja\/produto\/prd78073\/","title":{"rendered":"VinoSerra Cabernet Franc"},"content":{"rendered":"<p>Tipo de Uva &#8211; Cabernet Franc<br \/>\nSafra &#8211; 2017<br \/>\nGradua\u00e7\u00e3o Alco\u00f3lica &#8211; 13%<br \/>\nVolume &#8211; 750 ml<br \/>\nRegi\u00e3o &#8211; Cap\u00e3o Alto\/SC<br \/>\nTipo &#8211; Vinho Fino Tinto Seco<br \/>\nElabora\u00e7\u00e3o &#8211; Sem passagem por barrica.<br \/>\nHarmoniza\u00e7\u00e3o &#8211; Carnes vermelhas grelhadas ou assadas, macarr\u00e3o com molho de tomate.<br \/>\nVis\u00e3o &#8211; Rubi com reflexos viol\u00e1ceos m\u00e9dia\/alta intensidade, l\u00edmpido.<br \/>\nOlfato &#8211; Notas de frutas negras como ameixa, groselha e framboesa, toque de ervas finas e especiarias, leve toque terroso.<br \/>\nPaladar &#8211; M\u00e9dia estrutura, acidez m\u00e9dia, taninos macios, bom volume de boca e persist\u00eancia.<\/p>\n","protected":false},"excerpt":{"rendered":"<p>VinoSerra Cabernet Franc<\/p>\n","protected":false},"featured_media":12082,"comment_status":"open","ping_status":"closed","template":"","meta":[],"product_cat":[72],"product_tag":[],"_links":{"self":[{"href":"https:\/\/www.vivawines.com.br\/loja\/wp-json\/wp\/v2\/product\/12083"}],"collection":[{"href":"https:\/\/www.vivawines.com.br\/loja\/wp-json\/wp\/v2\/product"}],"about":[{"href":"https:\/\/www.vivawines.com.br\/loja\/wp-json\/wp\/v2\/types\/product"}],"replies":[{"embeddable":true,"href":"https:\/\/www.vivawines.com.br\/loja\/wp-json\/wp\/v2\/comments?post=12083"}],"wp:featuredmedia":[{"embeddable":true,"href":"https:\/\/www.vivawines.com.br\/loja\/wp-json\/wp\/v2\/media\/12082"}],"wp:attachment":[{"href":"https:\/\/www.vivawines.com.br\/loja\/wp-json\/wp\/v2\/media?parent=12083"}],"wp:term":[{"taxonomy":"product_cat","embeddable":true,"href":"https:\/\/www.vivawines.com.br\/loja\/wp-json\/wp\/v2\/product_cat?post=12083"},{"taxonomy":"product_tag","embeddable":true,"href":"https:\/\/www.vivawines.com.br\/loja\/wp-json\/wp\/v2\/product_tag?post=12083"}],"curies":[{"name":"wp","href":"https:\/\/api.w.org\/{rel}","templated":true}]}}