{"id":12087,"date":"2026-02-16T11:29:20","date_gmt":"2026-02-16T14:29:20","guid":{"rendered":"https:\/\/www.vivawines.com.br\/loja\/produto\/prd78084\/"},"modified":"2026-02-16T11:29:20","modified_gmt":"2026-02-16T14:29:20","slug":"prd78084","status":"publish","type":"product","link":"https:\/\/www.vivawines.com.br\/loja\/produto\/prd78084\/","title":{"rendered":"Bodega Real Blend"},"content":{"rendered":"<p>Tipo de Uva &#8211; Blend<br \/>\nSafra &#8211; 2020<br \/>\nGradua\u00e7\u00e3o Alco\u00f3lica &#8211; 14%<br \/>\nVolume &#8211; 750 ml<br \/>\nRegi\u00e3o &#8211; Ribera Del Guadiana, Espanha<br \/>\nTipo &#8211; Vinho Fino Tinto Seco<br \/>\nElabora\u00e7\u00e3o &#8211; Em tanques de Inox.<br \/>\nHarmoniza\u00e7\u00e3o &#8211; Este vinho harmoniza perfeitamente com carne vermelha, massas e queijos.                                                                                                                                          Vis\u00e3o &#8211; Rubi.<br \/>\nOlfato &#8211; No nariz apresenta notas de frutas vermelhas.<br \/>\nPaladar &#8211; Na boca apresenta corpo m\u00e9dio, taninos moderados e acidez equilibrada.<\/p>\n","protected":false},"excerpt":{"rendered":"<p>Bodega Real Blend<\/p>\n","protected":false},"featured_media":12086,"comment_status":"open","ping_status":"closed","template":"","meta":[],"product_cat":[72],"product_tag":[],"_links":{"self":[{"href":"https:\/\/www.vivawines.com.br\/loja\/wp-json\/wp\/v2\/product\/12087"}],"collection":[{"href":"https:\/\/www.vivawines.com.br\/loja\/wp-json\/wp\/v2\/product"}],"about":[{"href":"https:\/\/www.vivawines.com.br\/loja\/wp-json\/wp\/v2\/types\/product"}],"replies":[{"embeddable":true,"href":"https:\/\/www.vivawines.com.br\/loja\/wp-json\/wp\/v2\/comments?post=12087"}],"wp:featuredmedia":[{"embeddable":true,"href":"https:\/\/www.vivawines.com.br\/loja\/wp-json\/wp\/v2\/media\/12086"}],"wp:attachment":[{"href":"https:\/\/www.vivawines.com.br\/loja\/wp-json\/wp\/v2\/media?parent=12087"}],"wp:term":[{"taxonomy":"product_cat","embeddable":true,"href":"https:\/\/www.vivawines.com.br\/loja\/wp-json\/wp\/v2\/product_cat?post=12087"},{"taxonomy":"product_tag","embeddable":true,"href":"https:\/\/www.vivawines.com.br\/loja\/wp-json\/wp\/v2\/product_tag?post=12087"}],"curies":[{"name":"wp","href":"https:\/\/api.w.org\/{rel}","templated":true}]}}