{"id":12091,"date":"2026-02-16T11:29:28","date_gmt":"2026-02-16T14:29:28","guid":{"rendered":"https:\/\/www.vivawines.com.br\/loja\/produto\/prd78101\/"},"modified":"2026-02-16T11:29:28","modified_gmt":"2026-02-16T14:29:28","slug":"prd78101","status":"publish","type":"product","link":"https:\/\/www.vivawines.com.br\/loja\/produto\/prd78101\/","title":{"rendered":"P\u00e3o de mel Schokoladen Lebkuchen 500g"},"content":{"rendered":"<p>Deliciosos p\u00e3es de mel alem\u00e3o com cobertura de chocolate, em formatos de cora\u00e7\u00f5es, estrelas e pretzels com 28% de chocolate ao leite integral e decora\u00e7\u00e3o de chocolate.<br \/>\nIrresist\u00edveis um deleite para os apreciadores de p\u00e3es de mel.<\/p>\n","protected":false},"excerpt":{"rendered":"<p>P\u00e3o de mel Schokoladen Lebkuchen 500g<\/p>\n","protected":false},"featured_media":12090,"comment_status":"open","ping_status":"closed","template":"","meta":[],"product_cat":[72],"product_tag":[],"_links":{"self":[{"href":"https:\/\/www.vivawines.com.br\/loja\/wp-json\/wp\/v2\/product\/12091"}],"collection":[{"href":"https:\/\/www.vivawines.com.br\/loja\/wp-json\/wp\/v2\/product"}],"about":[{"href":"https:\/\/www.vivawines.com.br\/loja\/wp-json\/wp\/v2\/types\/product"}],"replies":[{"embeddable":true,"href":"https:\/\/www.vivawines.com.br\/loja\/wp-json\/wp\/v2\/comments?post=12091"}],"wp:featuredmedia":[{"embeddable":true,"href":"https:\/\/www.vivawines.com.br\/loja\/wp-json\/wp\/v2\/media\/12090"}],"wp:attachment":[{"href":"https:\/\/www.vivawines.com.br\/loja\/wp-json\/wp\/v2\/media?parent=12091"}],"wp:term":[{"taxonomy":"product_cat","embeddable":true,"href":"https:\/\/www.vivawines.com.br\/loja\/wp-json\/wp\/v2\/product_cat?post=12091"},{"taxonomy":"product_tag","embeddable":true,"href":"https:\/\/www.vivawines.com.br\/loja\/wp-json\/wp\/v2\/product_tag?post=12091"}],"curies":[{"name":"wp","href":"https:\/\/api.w.org\/{rel}","templated":true}]}}