{"id":12093,"date":"2026-02-16T11:29:31","date_gmt":"2026-02-16T14:29:31","guid":{"rendered":"https:\/\/www.vivawines.com.br\/loja\/produto\/prd78104\/"},"modified":"2026-02-16T11:29:31","modified_gmt":"2026-02-16T14:29:31","slug":"prd78104","status":"publish","type":"product","link":"https:\/\/www.vivawines.com.br\/loja\/produto\/prd78104\/","title":{"rendered":"Ventisquero Tantehue Cabernet Sauvignon"},"content":{"rendered":"<p>Tipo de Uva \u2013 Cabernet Sauvignon<br \/>\nSafra \u2013 2021<br \/>\nGradua\u00e7\u00e3o Alco\u00f3lica \u2013 13%<br \/>\nVolume \u2013 750 ml<br \/>\nRegi\u00e3o \u2013 Valle Central, Chile<br \/>\nTipo \u2013 Fino Tinto Seco.<br \/>\nElabora\u00e7\u00e3o \u2013 Sem passagem em barricas.<br \/>\nHarmoniza\u00e7\u00e3o \u2013 Carnes vermelhas, queijo e massas com molho vermelho.<br \/>\nVis\u00e3o \u2013 Vermelho violeta<br \/>\nOlfato \u2013 Atrativo, por sua grande intensidade aromatica, com muita fruta vermelha, framboesas,morangos, mitlios e cassis, com notas de baunilha e chocolate.<br \/>\nPaladar \u2013 Bom corpo e acidez equilibrada, com taninos maduros e com equilibrio entra a fruta e a madeira no seu retrogosto<\/p>\n","protected":false},"excerpt":{"rendered":"<p>Ventisquero Tantehue Cabernet Sauvignon<\/p>\n","protected":false},"featured_media":12092,"comment_status":"open","ping_status":"closed","template":"","meta":[],"product_cat":[72],"product_tag":[],"_links":{"self":[{"href":"https:\/\/www.vivawines.com.br\/loja\/wp-json\/wp\/v2\/product\/12093"}],"collection":[{"href":"https:\/\/www.vivawines.com.br\/loja\/wp-json\/wp\/v2\/product"}],"about":[{"href":"https:\/\/www.vivawines.com.br\/loja\/wp-json\/wp\/v2\/types\/product"}],"replies":[{"embeddable":true,"href":"https:\/\/www.vivawines.com.br\/loja\/wp-json\/wp\/v2\/comments?post=12093"}],"wp:featuredmedia":[{"embeddable":true,"href":"https:\/\/www.vivawines.com.br\/loja\/wp-json\/wp\/v2\/media\/12092"}],"wp:attachment":[{"href":"https:\/\/www.vivawines.com.br\/loja\/wp-json\/wp\/v2\/media?parent=12093"}],"wp:term":[{"taxonomy":"product_cat","embeddable":true,"href":"https:\/\/www.vivawines.com.br\/loja\/wp-json\/wp\/v2\/product_cat?post=12093"},{"taxonomy":"product_tag","embeddable":true,"href":"https:\/\/www.vivawines.com.br\/loja\/wp-json\/wp\/v2\/product_tag?post=12093"}],"curies":[{"name":"wp","href":"https:\/\/api.w.org\/{rel}","templated":true}]}}