{"id":12097,"date":"2026-02-16T11:29:38","date_gmt":"2026-02-16T14:29:38","guid":{"rendered":"https:\/\/www.vivawines.com.br\/loja\/produto\/prd78111\/"},"modified":"2026-02-16T11:29:38","modified_gmt":"2026-02-16T14:29:38","slug":"prd78111","status":"publish","type":"product","link":"https:\/\/www.vivawines.com.br\/loja\/produto\/prd78111\/","title":{"rendered":"Bombons Sele\u00e7\u00e3o Especial Ferana 120g"},"content":{"rendered":"<p>ESTOJO BOMBONS SELE\u00c7\u00c3O ESPECIAL<\/p>\n<p>S\u00e3o 12 bombons com recheios artesanais de Ganache de avel\u00e3, Ganache de pistache e Ganache de cereja.<br \/>\nIngredientes: a\u00e7\u00facar, massa de cacau, manteiga de cacau, ,leite em p\u00f3 desnatado, creme de avel\u00e3 (a\u00e7\u00facar, gordura vegetal ,pasta de avel\u00e3, cacau em p\u00f3, soro de leite em p\u00f3, licor de cacau, aroma id\u00eantico ao natural),leite condensado, creme de leite, xarope de glucose ,conservantes: \u00e1lcool de cereais, sorbato de pot\u00e1ssio (INS202), emulsificantes: lecitina de  soja(INS322), poliglicerol poliricinoleato (INS476) aromarizante e corante artificial.<\/p>\n<p>Cont\u00e9m lactose, Cont\u00e9m gl\u00faten.<\/p>\n<p>Al\u00e9rgicos: cont\u00e9m leite, avel\u00e3 e derivados de leite, soja e cevada.<\/p>\n","protected":false},"excerpt":{"rendered":"<p>Bombons Sele\u00e7\u00e3o Especial Ferana 120g<\/p>\n","protected":false},"featured_media":12096,"comment_status":"open","ping_status":"closed","template":"","meta":[],"product_cat":[72],"product_tag":[],"_links":{"self":[{"href":"https:\/\/www.vivawines.com.br\/loja\/wp-json\/wp\/v2\/product\/12097"}],"collection":[{"href":"https:\/\/www.vivawines.com.br\/loja\/wp-json\/wp\/v2\/product"}],"about":[{"href":"https:\/\/www.vivawines.com.br\/loja\/wp-json\/wp\/v2\/types\/product"}],"replies":[{"embeddable":true,"href":"https:\/\/www.vivawines.com.br\/loja\/wp-json\/wp\/v2\/comments?post=12097"}],"wp:featuredmedia":[{"embeddable":true,"href":"https:\/\/www.vivawines.com.br\/loja\/wp-json\/wp\/v2\/media\/12096"}],"wp:attachment":[{"href":"https:\/\/www.vivawines.com.br\/loja\/wp-json\/wp\/v2\/media?parent=12097"}],"wp:term":[{"taxonomy":"product_cat","embeddable":true,"href":"https:\/\/www.vivawines.com.br\/loja\/wp-json\/wp\/v2\/product_cat?post=12097"},{"taxonomy":"product_tag","embeddable":true,"href":"https:\/\/www.vivawines.com.br\/loja\/wp-json\/wp\/v2\/product_tag?post=12097"}],"curies":[{"name":"wp","href":"https:\/\/api.w.org\/{rel}","templated":true}]}}