{"id":12099,"date":"2026-02-16T11:29:41","date_gmt":"2026-02-16T14:29:41","guid":{"rendered":"https:\/\/www.vivawines.com.br\/loja\/produto\/prd78112\/"},"modified":"2026-02-16T11:29:41","modified_gmt":"2026-02-16T14:29:41","slug":"prd78112","status":"publish","type":"product","link":"https:\/\/www.vivawines.com.br\/loja\/produto\/prd78112\/","title":{"rendered":"Cubo bombons ao leite com amendoim 100g Ferana"},"content":{"rendered":"<p>CUBO BOMBONS AO LEITE COM AMENDOIM 100g<\/p>\n<p>Ingredientes: a\u00e7\u00facar, massa de cacau, manteiga de cacau, amendoim, gordura vegetal, leite integral em p\u00f3, leite desnatado em p\u00f3, soro de leite, emulsificantes: lecitina de soja (INS 322) e poliglicerol polirricinoleato (INS 476) e aromatizante. CONT\u00c9M LACTOSE. N\u00c3O CONT\u00c9M GL\u00daTEN.<\/p>\n<p>AL\u00c9RGICOS: CONT\u00c9M LEITE, AMENDOIM E DERIVADOS DE LEITE E SOJA.<\/p>\n","protected":false},"excerpt":{"rendered":"<p>Cubo bombons ao leite com amendoim 100g Ferana<\/p>\n","protected":false},"featured_media":12098,"comment_status":"open","ping_status":"closed","template":"","meta":[],"product_cat":[72],"product_tag":[],"_links":{"self":[{"href":"https:\/\/www.vivawines.com.br\/loja\/wp-json\/wp\/v2\/product\/12099"}],"collection":[{"href":"https:\/\/www.vivawines.com.br\/loja\/wp-json\/wp\/v2\/product"}],"about":[{"href":"https:\/\/www.vivawines.com.br\/loja\/wp-json\/wp\/v2\/types\/product"}],"replies":[{"embeddable":true,"href":"https:\/\/www.vivawines.com.br\/loja\/wp-json\/wp\/v2\/comments?post=12099"}],"wp:featuredmedia":[{"embeddable":true,"href":"https:\/\/www.vivawines.com.br\/loja\/wp-json\/wp\/v2\/media\/12098"}],"wp:attachment":[{"href":"https:\/\/www.vivawines.com.br\/loja\/wp-json\/wp\/v2\/media?parent=12099"}],"wp:term":[{"taxonomy":"product_cat","embeddable":true,"href":"https:\/\/www.vivawines.com.br\/loja\/wp-json\/wp\/v2\/product_cat?post=12099"},{"taxonomy":"product_tag","embeddable":true,"href":"https:\/\/www.vivawines.com.br\/loja\/wp-json\/wp\/v2\/product_tag?post=12099"}],"curies":[{"name":"wp","href":"https:\/\/api.w.org\/{rel}","templated":true}]}}