{"id":12101,"date":"2026-02-16T11:29:46","date_gmt":"2026-02-16T14:29:46","guid":{"rendered":"https:\/\/www.vivawines.com.br\/loja\/produto\/prd78150\/"},"modified":"2026-02-16T11:29:46","modified_gmt":"2026-02-16T14:29:46","slug":"prd78150","status":"publish","type":"product","link":"https:\/\/www.vivawines.com.br\/loja\/produto\/prd78150\/","title":{"rendered":"Espumante Castellamare Brut"},"content":{"rendered":"<p>Tipo de Uva &#8211; Chardonnay<br \/>\nSafra &#8211; N\u00e3o safrado<br \/>\nGradua\u00e7\u00e3o Alco\u00f3lica &#8211; 12,5%<br \/>\nVolume &#8211; 750 ml<br \/>\nRegi\u00e3o &#8211; Farroupilha\/RS<br \/>\nVin\u00edcola &#8211; Cooperativa Vin\u00edcola S\u00e3o Jo\u00e3o<br \/>\nTipo &#8211; Espumante Brut<br \/>\nM\u00e9todo &#8211; Charmat<br \/>\nHarmoniza\u00e7\u00e3o &#8211; \u00d3timo para acompanhar aperitivos leves, massas, pratos com frutos do mar e orientais.<br \/>\nVis\u00e3o &#8211; Apresenta colora\u00e7\u00e3o amarelo com reflexos esverdeados.<br \/>\nOlfato &#8211; Seu aroma complexo, lembra frutas, notas citricas, leveduras e p\u00e3o tostado.<br \/>\nPaladar &#8211; Seu paladar  inicialmente apresenta uma refresc\u00e2ncia provocada pelo g\u00e1s carb\u00f4nico e acidez de produto, e no final, macio e bastante equilibrado.<\/p>\n","protected":false},"excerpt":{"rendered":"<p>Espumante Castellamare Brut<\/p>\n","protected":false},"featured_media":12100,"comment_status":"open","ping_status":"closed","template":"","meta":[],"product_cat":[339],"product_tag":[],"_links":{"self":[{"href":"https:\/\/www.vivawines.com.br\/loja\/wp-json\/wp\/v2\/product\/12101"}],"collection":[{"href":"https:\/\/www.vivawines.com.br\/loja\/wp-json\/wp\/v2\/product"}],"about":[{"href":"https:\/\/www.vivawines.com.br\/loja\/wp-json\/wp\/v2\/types\/product"}],"replies":[{"embeddable":true,"href":"https:\/\/www.vivawines.com.br\/loja\/wp-json\/wp\/v2\/comments?post=12101"}],"wp:featuredmedia":[{"embeddable":true,"href":"https:\/\/www.vivawines.com.br\/loja\/wp-json\/wp\/v2\/media\/12100"}],"wp:attachment":[{"href":"https:\/\/www.vivawines.com.br\/loja\/wp-json\/wp\/v2\/media?parent=12101"}],"wp:term":[{"taxonomy":"product_cat","embeddable":true,"href":"https:\/\/www.vivawines.com.br\/loja\/wp-json\/wp\/v2\/product_cat?post=12101"},{"taxonomy":"product_tag","embeddable":true,"href":"https:\/\/www.vivawines.com.br\/loja\/wp-json\/wp\/v2\/product_tag?post=12101"}],"curies":[{"name":"wp","href":"https:\/\/api.w.org\/{rel}","templated":true}]}}