{"id":12103,"date":"2026-02-16T11:29:50","date_gmt":"2026-02-16T14:29:50","guid":{"rendered":"https:\/\/www.vivawines.com.br\/loja\/produto\/prd78159\/"},"modified":"2026-02-16T11:29:50","modified_gmt":"2026-02-16T14:29:50","slug":"prd78159","status":"publish","type":"product","link":"https:\/\/www.vivawines.com.br\/loja\/produto\/prd78159\/","title":{"rendered":"Castellamare Riesling"},"content":{"rendered":"<p>Tipo de Uva &#8211; Riesling<br \/>\nSafra &#8211; 2021<br \/>\nGradua\u00e7\u00e3o Alco\u00f3lica &#8211; 11,5%<br \/>\nVolume &#8211; 750 ml<br \/>\nRegi\u00e3o &#8211; Farroupilha, RS<br \/>\nTipo &#8211; Vinho Fino Branco Seco<br \/>\nElabora\u00e7\u00e3o &#8211; Sem passagem em barricas de carvalho.<br \/>\nHarmoniza\u00e7\u00e3o &#8211; Ideal para acompanhar peixes, queijos leves e carnes brancas em geral.\u00c9 \u00f3timo tamb\u00e9m como aperitivo.<br \/>\nVis\u00e3o &#8211; De cor verde dourada.<br \/>\nOlfato &#8211; Apresenta um aroma fino, elegante e frutado.<br \/>\nPaladar &#8211; \u00c9 um vinho leve e de grande frescor.<\/p>\n","protected":false},"excerpt":{"rendered":"<p>Castellamare Riesling<\/p>\n","protected":false},"featured_media":12102,"comment_status":"open","ping_status":"closed","template":"","meta":[],"product_cat":[72],"product_tag":[],"_links":{"self":[{"href":"https:\/\/www.vivawines.com.br\/loja\/wp-json\/wp\/v2\/product\/12103"}],"collection":[{"href":"https:\/\/www.vivawines.com.br\/loja\/wp-json\/wp\/v2\/product"}],"about":[{"href":"https:\/\/www.vivawines.com.br\/loja\/wp-json\/wp\/v2\/types\/product"}],"replies":[{"embeddable":true,"href":"https:\/\/www.vivawines.com.br\/loja\/wp-json\/wp\/v2\/comments?post=12103"}],"wp:featuredmedia":[{"embeddable":true,"href":"https:\/\/www.vivawines.com.br\/loja\/wp-json\/wp\/v2\/media\/12102"}],"wp:attachment":[{"href":"https:\/\/www.vivawines.com.br\/loja\/wp-json\/wp\/v2\/media?parent=12103"}],"wp:term":[{"taxonomy":"product_cat","embeddable":true,"href":"https:\/\/www.vivawines.com.br\/loja\/wp-json\/wp\/v2\/product_cat?post=12103"},{"taxonomy":"product_tag","embeddable":true,"href":"https:\/\/www.vivawines.com.br\/loja\/wp-json\/wp\/v2\/product_tag?post=12103"}],"curies":[{"name":"wp","href":"https:\/\/api.w.org\/{rel}","templated":true}]}}