{"id":12105,"date":"2026-02-16T11:29:53","date_gmt":"2026-02-16T14:29:53","guid":{"rendered":"https:\/\/www.vivawines.com.br\/loja\/produto\/prd78162\/"},"modified":"2026-02-16T11:29:53","modified_gmt":"2026-02-16T14:29:53","slug":"prd78162","status":"publish","type":"product","link":"https:\/\/www.vivawines.com.br\/loja\/produto\/prd78162\/","title":{"rendered":"Pasta de Alcachofra Zaccaron 110g"},"content":{"rendered":"<p>As Pastas artesanais da Zaccaron Alimentos, feita pensando em preservar a tradi\u00e7\u00e3o italiana e sua sa\u00fade, mant\u00e9m seus produtos sem corantes e sem conservantes, vinda da mais alta gastronomia Italiana qualidade e sabor s\u00e3o garantidos quando nossos produtos chegam em sua mesa, todos os nossos produtos s\u00e3o feitos com produtos frescos e selecionados, para garantir a alta qualidade.<\/p>\n<p>A Zaccaron Alimentos \u00e9 uma empresa de origem italiana, localizada na Serra Ga\u00facha, no Vale dos Vinhedos em Rio Grande do Sul.<\/p>\n<p>Daqui nossas receitas s\u00e3o da nossa casa pra sua casa!<\/p>\n<p>Ingredientes: Alcachofra, biomassa de banana, cebola, champignon, salsa, or\u00e9gano, \u00f3leo de soja e azeite de oliva.<\/p>\n","protected":false},"excerpt":{"rendered":"<p>Pasta de Alcachofra Zaccaron 110g<\/p>\n","protected":false},"featured_media":12104,"comment_status":"open","ping_status":"closed","template":"","meta":[],"product_cat":[72],"product_tag":[],"_links":{"self":[{"href":"https:\/\/www.vivawines.com.br\/loja\/wp-json\/wp\/v2\/product\/12105"}],"collection":[{"href":"https:\/\/www.vivawines.com.br\/loja\/wp-json\/wp\/v2\/product"}],"about":[{"href":"https:\/\/www.vivawines.com.br\/loja\/wp-json\/wp\/v2\/types\/product"}],"replies":[{"embeddable":true,"href":"https:\/\/www.vivawines.com.br\/loja\/wp-json\/wp\/v2\/comments?post=12105"}],"wp:featuredmedia":[{"embeddable":true,"href":"https:\/\/www.vivawines.com.br\/loja\/wp-json\/wp\/v2\/media\/12104"}],"wp:attachment":[{"href":"https:\/\/www.vivawines.com.br\/loja\/wp-json\/wp\/v2\/media?parent=12105"}],"wp:term":[{"taxonomy":"product_cat","embeddable":true,"href":"https:\/\/www.vivawines.com.br\/loja\/wp-json\/wp\/v2\/product_cat?post=12105"},{"taxonomy":"product_tag","embeddable":true,"href":"https:\/\/www.vivawines.com.br\/loja\/wp-json\/wp\/v2\/product_tag?post=12105"}],"curies":[{"name":"wp","href":"https:\/\/api.w.org\/{rel}","templated":true}]}}