{"id":12107,"date":"2026-02-16T11:29:57","date_gmt":"2026-02-16T14:29:57","guid":{"rendered":"https:\/\/www.vivawines.com.br\/loja\/produto\/prd78184\/"},"modified":"2026-02-16T11:29:57","modified_gmt":"2026-02-16T14:29:57","slug":"prd78184","status":"publish","type":"product","link":"https:\/\/www.vivawines.com.br\/loja\/produto\/prd78184\/","title":{"rendered":"Opta D\u00e3o Blend"},"content":{"rendered":"<p>Tipo de Uva &#8211; Alfrocheiro, Tinta Roriz, Touriga Nacional<br \/>\nSafra &#8211; 2020<br \/>\nGradua\u00e7\u00e3o Alco\u00f3lica &#8211; 13%<br \/>\nVolume &#8211; 750 ml<br \/>\nRegi\u00e3o &#8211; D\u00e3o, Portugal<br \/>\nTipo &#8211; Vinho Fino Tinto Seco<br \/>\nElabora\u00e7\u00e3o &#8211; Fermenta\u00e7\u00e3o e amadurecimento por tanques de a\u00e7o.<br \/>\nHarmoniza\u00e7\u00e3o &#8211; Excelente para acompanhar carnes vermelhas, massas e queijos.<br \/>\nVis\u00e3o &#8211; Rubi profundo, l\u00edmpido e brilhante.<br \/>\nOlfato &#8211; Aromas de frutos doces como figo, e de especiarias como caf\u00e9.<br \/>\nPaladar &#8211; Com corpo marcante, mas, em simult\u00e2neo, suave e equilibrado, com uma persist\u00eancia m\u00e9dia.<\/p>\n","protected":false},"excerpt":{"rendered":"<p>Opta D\u00e3o Blend<\/p>\n","protected":false},"featured_media":12106,"comment_status":"open","ping_status":"closed","template":"","meta":[],"product_cat":[72],"product_tag":[],"_links":{"self":[{"href":"https:\/\/www.vivawines.com.br\/loja\/wp-json\/wp\/v2\/product\/12107"}],"collection":[{"href":"https:\/\/www.vivawines.com.br\/loja\/wp-json\/wp\/v2\/product"}],"about":[{"href":"https:\/\/www.vivawines.com.br\/loja\/wp-json\/wp\/v2\/types\/product"}],"replies":[{"embeddable":true,"href":"https:\/\/www.vivawines.com.br\/loja\/wp-json\/wp\/v2\/comments?post=12107"}],"wp:featuredmedia":[{"embeddable":true,"href":"https:\/\/www.vivawines.com.br\/loja\/wp-json\/wp\/v2\/media\/12106"}],"wp:attachment":[{"href":"https:\/\/www.vivawines.com.br\/loja\/wp-json\/wp\/v2\/media?parent=12107"}],"wp:term":[{"taxonomy":"product_cat","embeddable":true,"href":"https:\/\/www.vivawines.com.br\/loja\/wp-json\/wp\/v2\/product_cat?post=12107"},{"taxonomy":"product_tag","embeddable":true,"href":"https:\/\/www.vivawines.com.br\/loja\/wp-json\/wp\/v2\/product_tag?post=12107"}],"curies":[{"name":"wp","href":"https:\/\/api.w.org\/{rel}","templated":true}]}}