{"id":12109,"date":"2026-02-16T11:30:00","date_gmt":"2026-02-16T14:30:00","guid":{"rendered":"https:\/\/www.vivawines.com.br\/loja\/produto\/prd78185\/"},"modified":"2026-02-16T11:30:00","modified_gmt":"2026-02-16T14:30:00","slug":"prd78185","status":"publish","type":"product","link":"https:\/\/www.vivawines.com.br\/loja\/produto\/prd78185\/","title":{"rendered":"Malevo Blend"},"content":{"rendered":"<p>Tipo de Uva &#8211; Tempranillo, Bonarda<br \/>\nSafra &#8211; 2021<br \/>\nGradua\u00e7\u00e3o Alco\u00f3lica &#8211; 13%<br \/>\nVolume &#8211; 750 ml<br \/>\nRegi\u00e3o &#8211; Mendoza, Argentina<br \/>\nTipo &#8211; Vinho Fino Tinto Seco<br \/>\nElabora\u00e7\u00e3o &#8211; Fermenta\u00e7\u00e3o e amadurecimento por tanques de a\u00e7o.<br \/>\nHarmoniza\u00e7\u00e3o &#8211; Carnes vermelhas, queijos e massas.<br \/>\nVis\u00e3o &#8211; Vermelho rubi.<br \/>\nOlfato &#8211; No nariz \u00e9 um vinho muito frutado, com notas de frutas vermelhas e pretas, como amoras e ameixas e sutis notas especiarias.<br \/>\nPaladar &#8211; Na boca \u00e9 leve, com acidez m\u00e9dia, taninos muito sutis e \u00e1lcool bem equilibrado. \u00c9 bem saboroso, com notas de groselha. Final de boca curto por\u00e9m frutado<\/p>\n","protected":false},"excerpt":{"rendered":"<p>Malevo Blend<\/p>\n","protected":false},"featured_media":12108,"comment_status":"open","ping_status":"closed","template":"","meta":[],"product_cat":[72],"product_tag":[],"_links":{"self":[{"href":"https:\/\/www.vivawines.com.br\/loja\/wp-json\/wp\/v2\/product\/12109"}],"collection":[{"href":"https:\/\/www.vivawines.com.br\/loja\/wp-json\/wp\/v2\/product"}],"about":[{"href":"https:\/\/www.vivawines.com.br\/loja\/wp-json\/wp\/v2\/types\/product"}],"replies":[{"embeddable":true,"href":"https:\/\/www.vivawines.com.br\/loja\/wp-json\/wp\/v2\/comments?post=12109"}],"wp:featuredmedia":[{"embeddable":true,"href":"https:\/\/www.vivawines.com.br\/loja\/wp-json\/wp\/v2\/media\/12108"}],"wp:attachment":[{"href":"https:\/\/www.vivawines.com.br\/loja\/wp-json\/wp\/v2\/media?parent=12109"}],"wp:term":[{"taxonomy":"product_cat","embeddable":true,"href":"https:\/\/www.vivawines.com.br\/loja\/wp-json\/wp\/v2\/product_cat?post=12109"},{"taxonomy":"product_tag","embeddable":true,"href":"https:\/\/www.vivawines.com.br\/loja\/wp-json\/wp\/v2\/product_tag?post=12109"}],"curies":[{"name":"wp","href":"https:\/\/api.w.org\/{rel}","templated":true}]}}