{"id":12113,"date":"2026-02-16T11:30:08","date_gmt":"2026-02-16T14:30:08","guid":{"rendered":"https:\/\/www.vivawines.com.br\/loja\/produto\/prd78219\/"},"modified":"2026-02-16T11:30:08","modified_gmt":"2026-02-16T14:30:08","slug":"prd78219","status":"publish","type":"product","link":"https:\/\/www.vivawines.com.br\/loja\/produto\/prd78219\/","title":{"rendered":"Anubis Reserva Malbec"},"content":{"rendered":"<p>Tipo de Uva &#8211; Malbec<br \/>\nSafra &#8211; 2021<br \/>\nGradua\u00e7\u00e3o Alco\u00f3lica &#8211; 14%<br \/>\nVolume &#8211; 750 ml<br \/>\nRegi\u00e3o &#8211; Mendoza, Argentina<br \/>\nTipo &#8211; Vinho Fino Tinto Seco<br \/>\nElabora\u00e7\u00e3o &#8211; 9 meses em barril de carvalho.<br \/>\nHarmoniza\u00e7\u00e3o &#8211; Carnes Assadas, massas com molhos e queijos duros.<br \/>\nVis\u00e3o &#8211; Rubi profundo<br \/>\nOlfato &#8211; Mostra aromas de frutas vermelhas, como morangos e cerejas maduras, acompanhadas de notas de chocolate t\u00edpico de carvalho.<br \/>\nPaladar &#8211; Em boca \u00e9 frutado, elegante, com boa acidez, taninos controlados e final persistente \u00e9 um aut\u00eantico exemplar de Malbec argentino.<\/p>\n","protected":false},"excerpt":{"rendered":"<p>Anubis Reserva Malbec<\/p>\n","protected":false},"featured_media":12112,"comment_status":"open","ping_status":"closed","template":"","meta":[],"product_cat":[72],"product_tag":[],"_links":{"self":[{"href":"https:\/\/www.vivawines.com.br\/loja\/wp-json\/wp\/v2\/product\/12113"}],"collection":[{"href":"https:\/\/www.vivawines.com.br\/loja\/wp-json\/wp\/v2\/product"}],"about":[{"href":"https:\/\/www.vivawines.com.br\/loja\/wp-json\/wp\/v2\/types\/product"}],"replies":[{"embeddable":true,"href":"https:\/\/www.vivawines.com.br\/loja\/wp-json\/wp\/v2\/comments?post=12113"}],"wp:featuredmedia":[{"embeddable":true,"href":"https:\/\/www.vivawines.com.br\/loja\/wp-json\/wp\/v2\/media\/12112"}],"wp:attachment":[{"href":"https:\/\/www.vivawines.com.br\/loja\/wp-json\/wp\/v2\/media?parent=12113"}],"wp:term":[{"taxonomy":"product_cat","embeddable":true,"href":"https:\/\/www.vivawines.com.br\/loja\/wp-json\/wp\/v2\/product_cat?post=12113"},{"taxonomy":"product_tag","embeddable":true,"href":"https:\/\/www.vivawines.com.br\/loja\/wp-json\/wp\/v2\/product_tag?post=12113"}],"curies":[{"name":"wp","href":"https:\/\/api.w.org\/{rel}","templated":true}]}}