{"id":12115,"date":"2026-02-16T11:30:11","date_gmt":"2026-02-16T14:30:11","guid":{"rendered":"https:\/\/www.vivawines.com.br\/loja\/produto\/prd78220\/"},"modified":"2026-02-16T11:30:11","modified_gmt":"2026-02-16T14:30:11","slug":"prd78220","status":"publish","type":"product","link":"https:\/\/www.vivawines.com.br\/loja\/produto\/prd78220\/","title":{"rendered":"Tantehue Chardonnay"},"content":{"rendered":"<p>Tipo de Uva &#8211; Chardonnay<br \/>\nSafra &#8211; 2022<br \/>\nGradua\u00e7\u00e3o Alco\u00f3lica &#8211; 13%<br \/>\nVolume &#8211; 750 ml<br \/>\nRegi\u00e3o &#8211; Valle Central, Chile<br \/>\nTipo &#8211; Vinho Fino Branco Seco<br \/>\nElabora\u00e7\u00e3o &#8211; Sem passagem em barril de carvalho.<br \/>\nHarmoniza\u00e7\u00e3o &#8211; Frutos do mar, peixes, sushi.<br \/>\nVis\u00e3o &#8211; Amarelo palha<br \/>\nOlfato &#8211; Mostra aromas de abacaxi, mel\u00e3o, damasco e toques delicado de mel.<br \/>\nPaladar &#8211; Em boca \u00e9 frutado, fresco e elegante.<\/p>\n","protected":false},"excerpt":{"rendered":"<p>Tantehue Chardonnay<\/p>\n","protected":false},"featured_media":12114,"comment_status":"open","ping_status":"closed","template":"","meta":[],"product_cat":[72],"product_tag":[],"_links":{"self":[{"href":"https:\/\/www.vivawines.com.br\/loja\/wp-json\/wp\/v2\/product\/12115"}],"collection":[{"href":"https:\/\/www.vivawines.com.br\/loja\/wp-json\/wp\/v2\/product"}],"about":[{"href":"https:\/\/www.vivawines.com.br\/loja\/wp-json\/wp\/v2\/types\/product"}],"replies":[{"embeddable":true,"href":"https:\/\/www.vivawines.com.br\/loja\/wp-json\/wp\/v2\/comments?post=12115"}],"wp:featuredmedia":[{"embeddable":true,"href":"https:\/\/www.vivawines.com.br\/loja\/wp-json\/wp\/v2\/media\/12114"}],"wp:attachment":[{"href":"https:\/\/www.vivawines.com.br\/loja\/wp-json\/wp\/v2\/media?parent=12115"}],"wp:term":[{"taxonomy":"product_cat","embeddable":true,"href":"https:\/\/www.vivawines.com.br\/loja\/wp-json\/wp\/v2\/product_cat?post=12115"},{"taxonomy":"product_tag","embeddable":true,"href":"https:\/\/www.vivawines.com.br\/loja\/wp-json\/wp\/v2\/product_tag?post=12115"}],"curies":[{"name":"wp","href":"https:\/\/api.w.org\/{rel}","templated":true}]}}