{"id":12119,"date":"2026-02-16T11:30:17","date_gmt":"2026-02-16T14:30:17","guid":{"rendered":"https:\/\/www.vivawines.com.br\/loja\/produto\/prd78222\/"},"modified":"2026-02-16T11:30:17","modified_gmt":"2026-02-16T14:30:17","slug":"prd78222","status":"publish","type":"product","link":"https:\/\/www.vivawines.com.br\/loja\/produto\/prd78222\/","title":{"rendered":"Siempre Tengo Un Plan B Cabernet Sauvignon"},"content":{"rendered":"<p>Tipo de Uva \u2013 Cabernet Sauvignon<br \/>\nSafra \u2013 2020<br \/>\nGradua\u00e7\u00e3o Alco\u00f3lica \u2013 13,3%<br \/>\nVolume \u2013 750 ml<br \/>\nRegi\u00e3o \u2013 Mendoza, Argentina<br \/>\nTipo \u2013 Vinho Fino Tinto Seco<br \/>\nElabora\u00e7\u00e3o \u2013 Em tanques de a\u00e7o inox.<br \/>\nHarmoniza\u00e7\u00e3o \u2013 Carnes vermelhas grelhadas e queijos.<br \/>\nVis\u00e3o \u2013 Vermelho intenso.<br \/>\nOlfato \u2013 Aromas de ameixa preta, pimenta e eucalipto.<br \/>\nPaladar \u2013 Frutos silvestres maduros com boa estrutura, taninos agrad\u00e1veis e acidez refrescante.<\/p>\n","protected":false},"excerpt":{"rendered":"<p>Siempre Tengo Un Plan B Cabernet Sauvignon<\/p>\n","protected":false},"featured_media":12118,"comment_status":"open","ping_status":"closed","template":"","meta":[],"product_cat":[72],"product_tag":[],"_links":{"self":[{"href":"https:\/\/www.vivawines.com.br\/loja\/wp-json\/wp\/v2\/product\/12119"}],"collection":[{"href":"https:\/\/www.vivawines.com.br\/loja\/wp-json\/wp\/v2\/product"}],"about":[{"href":"https:\/\/www.vivawines.com.br\/loja\/wp-json\/wp\/v2\/types\/product"}],"replies":[{"embeddable":true,"href":"https:\/\/www.vivawines.com.br\/loja\/wp-json\/wp\/v2\/comments?post=12119"}],"wp:featuredmedia":[{"embeddable":true,"href":"https:\/\/www.vivawines.com.br\/loja\/wp-json\/wp\/v2\/media\/12118"}],"wp:attachment":[{"href":"https:\/\/www.vivawines.com.br\/loja\/wp-json\/wp\/v2\/media?parent=12119"}],"wp:term":[{"taxonomy":"product_cat","embeddable":true,"href":"https:\/\/www.vivawines.com.br\/loja\/wp-json\/wp\/v2\/product_cat?post=12119"},{"taxonomy":"product_tag","embeddable":true,"href":"https:\/\/www.vivawines.com.br\/loja\/wp-json\/wp\/v2\/product_tag?post=12119"}],"curies":[{"name":"wp","href":"https:\/\/api.w.org\/{rel}","templated":true}]}}