{"id":12121,"date":"2026-02-16T11:30:21","date_gmt":"2026-02-16T14:30:21","guid":{"rendered":"https:\/\/www.vivawines.com.br\/loja\/produto\/prd78223\/"},"modified":"2026-02-16T11:30:21","modified_gmt":"2026-02-16T14:30:21","slug":"prd78223","status":"publish","type":"product","link":"https:\/\/www.vivawines.com.br\/loja\/produto\/prd78223\/","title":{"rendered":"Cantine Atesine Chardonnay"},"content":{"rendered":"<p>Tipo de Uva \u2013 Chardonnay<br \/>\nSafra \u2013 2019<br \/>\nGradua\u00e7\u00e3o Alco\u00f3lica \u2013 12,5%<br \/>\nVolume \u2013 750 ml<br \/>\nRegi\u00e3o \u2013 Vale Trentino, It\u00e1lia<br \/>\nTipo \u2013 Vinho Fino Branco Seco<br \/>\nElabora\u00e7\u00e3o \u2013 Em tanque de a\u00e7o inox.<br \/>\nHarmoniza\u00e7\u00e3o \u2013 Peixes e carnes brancas. Comidas t\u00edpicas mediterr\u00e2neas, pasta e pratos de vegetais frescos.<br \/>\nVis\u00e3o \u2013 Palha amarela.<br \/>\nOlfato \u2013 Frutado com toque de banana e ma\u00e7\u00e3 verde.<br \/>\nPaladar \u2013 Encorpado e harmonioso.<\/p>\n","protected":false},"excerpt":{"rendered":"<p>Cantine Atesine Chardonnay<\/p>\n","protected":false},"featured_media":12120,"comment_status":"open","ping_status":"closed","template":"","meta":[],"product_cat":[72],"product_tag":[],"_links":{"self":[{"href":"https:\/\/www.vivawines.com.br\/loja\/wp-json\/wp\/v2\/product\/12121"}],"collection":[{"href":"https:\/\/www.vivawines.com.br\/loja\/wp-json\/wp\/v2\/product"}],"about":[{"href":"https:\/\/www.vivawines.com.br\/loja\/wp-json\/wp\/v2\/types\/product"}],"replies":[{"embeddable":true,"href":"https:\/\/www.vivawines.com.br\/loja\/wp-json\/wp\/v2\/comments?post=12121"}],"wp:featuredmedia":[{"embeddable":true,"href":"https:\/\/www.vivawines.com.br\/loja\/wp-json\/wp\/v2\/media\/12120"}],"wp:attachment":[{"href":"https:\/\/www.vivawines.com.br\/loja\/wp-json\/wp\/v2\/media?parent=12121"}],"wp:term":[{"taxonomy":"product_cat","embeddable":true,"href":"https:\/\/www.vivawines.com.br\/loja\/wp-json\/wp\/v2\/product_cat?post=12121"},{"taxonomy":"product_tag","embeddable":true,"href":"https:\/\/www.vivawines.com.br\/loja\/wp-json\/wp\/v2\/product_tag?post=12121"}],"curies":[{"name":"wp","href":"https:\/\/api.w.org\/{rel}","templated":true}]}}