{"id":12123,"date":"2026-02-16T11:30:24","date_gmt":"2026-02-16T14:30:24","guid":{"rendered":"https:\/\/www.vivawines.com.br\/loja\/produto\/prd78224\/"},"modified":"2026-02-16T11:30:24","modified_gmt":"2026-02-16T14:30:24","slug":"prd78224","status":"publish","type":"product","link":"https:\/\/www.vivawines.com.br\/loja\/produto\/prd78224\/","title":{"rendered":"Tierras Altas Malbec"},"content":{"rendered":"<p>Tipo de Uva \u2013 Malbec<br \/>\nSafra \u2013 2020<br \/>\nGradua\u00e7\u00e3o Alco\u00f3lica \u2013 13,6%<br \/>\nVolume \u2013 750 ml<br \/>\nRegi\u00e3o \u2013 Luj\u00e1n de Cuyo, Argentina<br \/>\nTipo \u2013 Vinho Fino Tinto Seco<br \/>\nElabora\u00e7\u00e3o \u2013 Em tanques de inox.<br \/>\nHarmoniza\u00e7\u00e3o \u2013 Carnes vermelhas, charcutaria e queijos, embutidos secos como copa e salame milano, ossobuco de vitela.<br \/>\nVis\u00e3o \u2013 Violeta intensa.<br \/>\nOlfato \u2013 Frutas vermelhas e ameixa.<br \/>\nPaladar \u2013 Taninos firmes, persist\u00eancia final com notas de figo e ameixas secas.<\/p>\n","protected":false},"excerpt":{"rendered":"<p>Tierras Altas Malbec<\/p>\n","protected":false},"featured_media":12122,"comment_status":"open","ping_status":"closed","template":"","meta":[],"product_cat":[72],"product_tag":[],"_links":{"self":[{"href":"https:\/\/www.vivawines.com.br\/loja\/wp-json\/wp\/v2\/product\/12123"}],"collection":[{"href":"https:\/\/www.vivawines.com.br\/loja\/wp-json\/wp\/v2\/product"}],"about":[{"href":"https:\/\/www.vivawines.com.br\/loja\/wp-json\/wp\/v2\/types\/product"}],"replies":[{"embeddable":true,"href":"https:\/\/www.vivawines.com.br\/loja\/wp-json\/wp\/v2\/comments?post=12123"}],"wp:featuredmedia":[{"embeddable":true,"href":"https:\/\/www.vivawines.com.br\/loja\/wp-json\/wp\/v2\/media\/12122"}],"wp:attachment":[{"href":"https:\/\/www.vivawines.com.br\/loja\/wp-json\/wp\/v2\/media?parent=12123"}],"wp:term":[{"taxonomy":"product_cat","embeddable":true,"href":"https:\/\/www.vivawines.com.br\/loja\/wp-json\/wp\/v2\/product_cat?post=12123"},{"taxonomy":"product_tag","embeddable":true,"href":"https:\/\/www.vivawines.com.br\/loja\/wp-json\/wp\/v2\/product_tag?post=12123"}],"curies":[{"name":"wp","href":"https:\/\/api.w.org\/{rel}","templated":true}]}}