{"id":12127,"date":"2026-02-16T11:30:30","date_gmt":"2026-02-16T14:30:30","guid":{"rendered":"https:\/\/www.vivawines.com.br\/loja\/produto\/prd78227\/"},"modified":"2026-02-16T11:30:30","modified_gmt":"2026-02-16T14:30:30","slug":"prd78227","status":"publish","type":"product","link":"https:\/\/www.vivawines.com.br\/loja\/produto\/prd78227\/","title":{"rendered":"Siempre Tengo un Plan B Sauvignon Blanc"},"content":{"rendered":"<p>Tipo de Uva \u2013 Sauvignon Blanc<br \/>\nSafra \u2013 2021<br \/>\nGradua\u00e7\u00e3o Alco\u00f3lica \u2013 13,3%<br \/>\nVolume \u2013 750 ml<br \/>\nRegi\u00e3o \u2013 Luj\u00e1n de Cuyo, Argentina<br \/>\nTipo \u2013 Vinho Fino Branco Seco<br \/>\nElabora\u00e7\u00e3o \u2013 Em tanques de inox.<br \/>\nHarmoniza\u00e7\u00e3o \u2013 Frutos do mar, massas e risotos, aves, pratos condimentados e queijos frescos.<br \/>\nVis\u00e3o \u2013 Amarelo p\u00e1lido, com tons verdes.<br \/>\nOlfato \u2013 Notas florais e aromas c\u00edtricos.<br \/>\nPaladar \u2013 Boa acidez, refrescante e equilibrado. Corpo m\u00e9dio e bom final.<\/p>\n","protected":false},"excerpt":{"rendered":"<p>Siempre Tengo un Plan B Sauvignon Blanc<\/p>\n","protected":false},"featured_media":12126,"comment_status":"open","ping_status":"closed","template":"","meta":[],"product_cat":[72],"product_tag":[],"_links":{"self":[{"href":"https:\/\/www.vivawines.com.br\/loja\/wp-json\/wp\/v2\/product\/12127"}],"collection":[{"href":"https:\/\/www.vivawines.com.br\/loja\/wp-json\/wp\/v2\/product"}],"about":[{"href":"https:\/\/www.vivawines.com.br\/loja\/wp-json\/wp\/v2\/types\/product"}],"replies":[{"embeddable":true,"href":"https:\/\/www.vivawines.com.br\/loja\/wp-json\/wp\/v2\/comments?post=12127"}],"wp:featuredmedia":[{"embeddable":true,"href":"https:\/\/www.vivawines.com.br\/loja\/wp-json\/wp\/v2\/media\/12126"}],"wp:attachment":[{"href":"https:\/\/www.vivawines.com.br\/loja\/wp-json\/wp\/v2\/media?parent=12127"}],"wp:term":[{"taxonomy":"product_cat","embeddable":true,"href":"https:\/\/www.vivawines.com.br\/loja\/wp-json\/wp\/v2\/product_cat?post=12127"},{"taxonomy":"product_tag","embeddable":true,"href":"https:\/\/www.vivawines.com.br\/loja\/wp-json\/wp\/v2\/product_tag?post=12127"}],"curies":[{"name":"wp","href":"https:\/\/api.w.org\/{rel}","templated":true}]}}