{"id":12131,"date":"2026-02-16T11:30:36","date_gmt":"2026-02-16T14:30:36","guid":{"rendered":"https:\/\/www.vivawines.com.br\/loja\/produto\/prd78230\/"},"modified":"2026-02-16T11:30:36","modified_gmt":"2026-02-16T14:30:36","slug":"prd78230","status":"publish","type":"product","link":"https:\/\/www.vivawines.com.br\/loja\/produto\/prd78230\/","title":{"rendered":"Tierras Altas Cabernet Sauvignon"},"content":{"rendered":"<p>Tipo de Uva \u2013 Cabernet Sauvignon<br \/>\nSafra \u2013 2019<br \/>\nGradua\u00e7\u00e3o Alco\u00f3lica \u2013 13,6%<br \/>\nVolume \u2013 750 ml<br \/>\nRegi\u00e3o \u2013 Luj\u00e1n de Cuyo, Argentina<br \/>\nTipo \u2013 Vinho Fino Tinto Seco<br \/>\nElabora\u00e7\u00e3o \u2013 Em tanque de inox<br \/>\nHarmoniza\u00e7\u00e3o \u2013 Carnes vermelhas grelhadas e assadas, massa com molho vermelho, queijos.<br \/>\nVis\u00e3o \u2013 Cor rubi com tons violetas.<br \/>\nOlfato \u2013 Aroma de frutas vermelhas que s\u00e3o acompanhadas por nuances de pimenta e especiarias.<br \/>\nPaladar \u2013 Na boca \u00e9 suave e elegante, com taninos maduros que d\u00e3o um final longo e harm\u00f4nico.<\/p>\n","protected":false},"excerpt":{"rendered":"<p>Tierras Altas Cabernet Sauvignon<\/p>\n","protected":false},"featured_media":12130,"comment_status":"open","ping_status":"closed","template":"","meta":[],"product_cat":[72],"product_tag":[],"_links":{"self":[{"href":"https:\/\/www.vivawines.com.br\/loja\/wp-json\/wp\/v2\/product\/12131"}],"collection":[{"href":"https:\/\/www.vivawines.com.br\/loja\/wp-json\/wp\/v2\/product"}],"about":[{"href":"https:\/\/www.vivawines.com.br\/loja\/wp-json\/wp\/v2\/types\/product"}],"replies":[{"embeddable":true,"href":"https:\/\/www.vivawines.com.br\/loja\/wp-json\/wp\/v2\/comments?post=12131"}],"wp:featuredmedia":[{"embeddable":true,"href":"https:\/\/www.vivawines.com.br\/loja\/wp-json\/wp\/v2\/media\/12130"}],"wp:attachment":[{"href":"https:\/\/www.vivawines.com.br\/loja\/wp-json\/wp\/v2\/media?parent=12131"}],"wp:term":[{"taxonomy":"product_cat","embeddable":true,"href":"https:\/\/www.vivawines.com.br\/loja\/wp-json\/wp\/v2\/product_cat?post=12131"},{"taxonomy":"product_tag","embeddable":true,"href":"https:\/\/www.vivawines.com.br\/loja\/wp-json\/wp\/v2\/product_tag?post=12131"}],"curies":[{"name":"wp","href":"https:\/\/api.w.org\/{rel}","templated":true}]}}