{"id":12133,"date":"2026-02-16T11:30:39","date_gmt":"2026-02-16T14:30:39","guid":{"rendered":"https:\/\/www.vivawines.com.br\/loja\/produto\/prd78231\/"},"modified":"2026-02-16T11:30:39","modified_gmt":"2026-02-16T14:30:39","slug":"prd78231","status":"publish","type":"product","link":"https:\/\/www.vivawines.com.br\/loja\/produto\/prd78231\/","title":{"rendered":"Tucumen Sauvignon Blanc 750ml"},"content":{"rendered":"<p>Tipo de Uva \u2013 Sauvignon Blanc<br \/>\nSafra \u2013 2021<br \/>\nGradua\u00e7\u00e3o Alco\u00f3lica \u2013 13%<br \/>\nVolume \u2013 750 ml<br \/>\nRegi\u00e3o \u2013 Maip\u00fa, Argentina<br \/>\nTipo \u2013 Vinho Fino Branco Seco<br \/>\nHarmoniza\u00e7\u00e3o \u2013 Companheiro ideal de peixe elaborado de forma simples, ao prato ou cozido com molhos leves.<br \/>\nVis\u00e3o \u2013 Amarelo p\u00e1lido, com tons verdes.<br \/>\nOlfato \u2013 nariz intenso com notas florais e aromas c\u00edtricos.<br \/>\nPaladar \u2013 Na boca doce, boa acidez, refrescante e equilibrado, corpo m\u00e9dio e de bom final.<\/p>\n","protected":false},"excerpt":{"rendered":"<p>Tucumen Sauvignon Blanc 750ml<\/p>\n","protected":false},"featured_media":12132,"comment_status":"open","ping_status":"closed","template":"","meta":[],"product_cat":[72],"product_tag":[],"_links":{"self":[{"href":"https:\/\/www.vivawines.com.br\/loja\/wp-json\/wp\/v2\/product\/12133"}],"collection":[{"href":"https:\/\/www.vivawines.com.br\/loja\/wp-json\/wp\/v2\/product"}],"about":[{"href":"https:\/\/www.vivawines.com.br\/loja\/wp-json\/wp\/v2\/types\/product"}],"replies":[{"embeddable":true,"href":"https:\/\/www.vivawines.com.br\/loja\/wp-json\/wp\/v2\/comments?post=12133"}],"wp:featuredmedia":[{"embeddable":true,"href":"https:\/\/www.vivawines.com.br\/loja\/wp-json\/wp\/v2\/media\/12132"}],"wp:attachment":[{"href":"https:\/\/www.vivawines.com.br\/loja\/wp-json\/wp\/v2\/media?parent=12133"}],"wp:term":[{"taxonomy":"product_cat","embeddable":true,"href":"https:\/\/www.vivawines.com.br\/loja\/wp-json\/wp\/v2\/product_cat?post=12133"},{"taxonomy":"product_tag","embeddable":true,"href":"https:\/\/www.vivawines.com.br\/loja\/wp-json\/wp\/v2\/product_tag?post=12133"}],"curies":[{"name":"wp","href":"https:\/\/api.w.org\/{rel}","templated":true}]}}