{"id":12135,"date":"2026-02-16T11:30:42","date_gmt":"2026-02-16T14:30:42","guid":{"rendered":"https:\/\/www.vivawines.com.br\/loja\/produto\/prd78232\/"},"modified":"2026-02-16T11:30:42","modified_gmt":"2026-02-16T14:30:42","slug":"prd78232","status":"publish","type":"product","link":"https:\/\/www.vivawines.com.br\/loja\/produto\/prd78232\/","title":{"rendered":"Sutter Home White Zinfandel Ros\u00e9"},"content":{"rendered":"<p>Tipo de Uva \u2013 Zinfandel<br \/>\nSafra \u2013 n\u00e3o safrado<br \/>\nGradua\u00e7\u00e3o Alco\u00f3lica \u2013 9,5%<br \/>\nVolume \u2013 750 ml<br \/>\nRegi\u00e3o \u2013 Calif\u00f3rnia, Estados Unidos<br \/>\nTipo \u2013 Vinho Fino Ros\u00e9 Suave<br \/>\nHarmoniza\u00e7\u00e3o \u2013 Peixes e Frutos do Mar.<br \/>\nVis\u00e3o \u2013 Rosado<br \/>\nOlfato \u2013 Frutas vermelhas<br \/>\nPaladar \u2013 De corpo refrescante e marcante. Em boca \u00e9 leve e agrad\u00e1vel de beber.<\/p>\n","protected":false},"excerpt":{"rendered":"<p>Sutter Home White Zinfandel Ros\u00e9<\/p>\n","protected":false},"featured_media":12134,"comment_status":"open","ping_status":"closed","template":"","meta":[],"product_cat":[72],"product_tag":[],"_links":{"self":[{"href":"https:\/\/www.vivawines.com.br\/loja\/wp-json\/wp\/v2\/product\/12135"}],"collection":[{"href":"https:\/\/www.vivawines.com.br\/loja\/wp-json\/wp\/v2\/product"}],"about":[{"href":"https:\/\/www.vivawines.com.br\/loja\/wp-json\/wp\/v2\/types\/product"}],"replies":[{"embeddable":true,"href":"https:\/\/www.vivawines.com.br\/loja\/wp-json\/wp\/v2\/comments?post=12135"}],"wp:featuredmedia":[{"embeddable":true,"href":"https:\/\/www.vivawines.com.br\/loja\/wp-json\/wp\/v2\/media\/12134"}],"wp:attachment":[{"href":"https:\/\/www.vivawines.com.br\/loja\/wp-json\/wp\/v2\/media?parent=12135"}],"wp:term":[{"taxonomy":"product_cat","embeddable":true,"href":"https:\/\/www.vivawines.com.br\/loja\/wp-json\/wp\/v2\/product_cat?post=12135"},{"taxonomy":"product_tag","embeddable":true,"href":"https:\/\/www.vivawines.com.br\/loja\/wp-json\/wp\/v2\/product_tag?post=12135"}],"curies":[{"name":"wp","href":"https:\/\/api.w.org\/{rel}","templated":true}]}}