{"id":12137,"date":"2026-02-16T11:30:45","date_gmt":"2026-02-16T14:30:45","guid":{"rendered":"https:\/\/www.vivawines.com.br\/loja\/produto\/prd78233\/"},"modified":"2026-02-16T11:30:45","modified_gmt":"2026-02-16T14:30:45","slug":"prd78233","status":"publish","type":"product","link":"https:\/\/www.vivawines.com.br\/loja\/produto\/prd78233\/","title":{"rendered":"Franc Beausejour Tinto Bordeaux"},"content":{"rendered":"<p>Tipo de Uva \u2013 70% Merlot e 30% Cabernet Sauvignon<br \/>\nSafra \u2013 2020<br \/>\nGradua\u00e7\u00e3o Alco\u00f3lica \u2013 12%<br \/>\nVolume \u2013 750 ml<br \/>\nRegi\u00e3o \u2013 Bordeaux, Fran\u00e7a<br \/>\nTipo \u2013 Vinho Tinto Fino Seco<br \/>\nHarmoniza\u00e7\u00e3o \u2013 \u00d3tima op\u00e7\u00e3o para acompanhar ensopados, carnes grelhadas ou assadas, embutidos e molhos a base de tomates.<br \/>\nVis\u00e3o \u2013 Rubi<br \/>\nOlfato \u2013 Aromas de frutados intensos, com deliciosas notas de chocolate amparadas por especiarias como baunilha e canela.<br \/>\nPaladar \u2013 Com Corpo m\u00e9dio e m\u00e9dia persist\u00eancia.<\/p>\n","protected":false},"excerpt":{"rendered":"<p>Franc Beausejour Tinto Bordeaux<\/p>\n","protected":false},"featured_media":12136,"comment_status":"open","ping_status":"closed","template":"","meta":[],"product_cat":[72],"product_tag":[],"_links":{"self":[{"href":"https:\/\/www.vivawines.com.br\/loja\/wp-json\/wp\/v2\/product\/12137"}],"collection":[{"href":"https:\/\/www.vivawines.com.br\/loja\/wp-json\/wp\/v2\/product"}],"about":[{"href":"https:\/\/www.vivawines.com.br\/loja\/wp-json\/wp\/v2\/types\/product"}],"replies":[{"embeddable":true,"href":"https:\/\/www.vivawines.com.br\/loja\/wp-json\/wp\/v2\/comments?post=12137"}],"wp:featuredmedia":[{"embeddable":true,"href":"https:\/\/www.vivawines.com.br\/loja\/wp-json\/wp\/v2\/media\/12136"}],"wp:attachment":[{"href":"https:\/\/www.vivawines.com.br\/loja\/wp-json\/wp\/v2\/media?parent=12137"}],"wp:term":[{"taxonomy":"product_cat","embeddable":true,"href":"https:\/\/www.vivawines.com.br\/loja\/wp-json\/wp\/v2\/product_cat?post=12137"},{"taxonomy":"product_tag","embeddable":true,"href":"https:\/\/www.vivawines.com.br\/loja\/wp-json\/wp\/v2\/product_tag?post=12137"}],"curies":[{"name":"wp","href":"https:\/\/api.w.org\/{rel}","templated":true}]}}