{"id":12141,"date":"2026-02-16T11:30:52","date_gmt":"2026-02-16T14:30:52","guid":{"rendered":"https:\/\/www.vivawines.com.br\/loja\/produto\/prd78235\/"},"modified":"2026-02-16T11:30:52","modified_gmt":"2026-02-16T14:30:52","slug":"prd78235","status":"publish","type":"product","link":"https:\/\/www.vivawines.com.br\/loja\/produto\/prd78235\/","title":{"rendered":"The Grill Master Fan Club Malbec"},"content":{"rendered":"<p>Tipo de Uva &#8211; Malbec<br \/>\nSafra &#8211; 2022<br \/>\nGradua\u00e7\u00e3o Alco\u00f3lica &#8211; 13%<br \/>\nVolume &#8211; 750 ml<br \/>\nRegi\u00e3o &#8211; Mendoza, Argentina<br \/>\nTipo &#8211; Vinho Fino Tinto Seco<br \/>\nElabora\u00e7\u00e3o &#8211; Em tanques de Inox.<br \/>\nHarmoniza\u00e7\u00e3o &#8211; Este vinho harmoniza perfeitamente com carne vermelha, massas e queijos.                                                                                                                                          Vis\u00e3o &#8211; Apresenta colora\u00e7\u00e3o vermelho rubi intenso.<br \/>\nOlfato &#8211; No nariz apresenta notas de frutas vermelhas e pimenta preta.<br \/>\nPaladar &#8211; Na boca apresenta corpo m\u00e9dio, taninos moderados e acidez equilibrada.<\/p>\n","protected":false},"excerpt":{"rendered":"<p>The Grill Master Fan Club Malbec<\/p>\n","protected":false},"featured_media":12140,"comment_status":"open","ping_status":"closed","template":"","meta":[],"product_cat":[72],"product_tag":[],"_links":{"self":[{"href":"https:\/\/www.vivawines.com.br\/loja\/wp-json\/wp\/v2\/product\/12141"}],"collection":[{"href":"https:\/\/www.vivawines.com.br\/loja\/wp-json\/wp\/v2\/product"}],"about":[{"href":"https:\/\/www.vivawines.com.br\/loja\/wp-json\/wp\/v2\/types\/product"}],"replies":[{"embeddable":true,"href":"https:\/\/www.vivawines.com.br\/loja\/wp-json\/wp\/v2\/comments?post=12141"}],"wp:featuredmedia":[{"embeddable":true,"href":"https:\/\/www.vivawines.com.br\/loja\/wp-json\/wp\/v2\/media\/12140"}],"wp:attachment":[{"href":"https:\/\/www.vivawines.com.br\/loja\/wp-json\/wp\/v2\/media?parent=12141"}],"wp:term":[{"taxonomy":"product_cat","embeddable":true,"href":"https:\/\/www.vivawines.com.br\/loja\/wp-json\/wp\/v2\/product_cat?post=12141"},{"taxonomy":"product_tag","embeddable":true,"href":"https:\/\/www.vivawines.com.br\/loja\/wp-json\/wp\/v2\/product_tag?post=12141"}],"curies":[{"name":"wp","href":"https:\/\/api.w.org\/{rel}","templated":true}]}}