{"id":12143,"date":"2026-02-16T11:30:55","date_gmt":"2026-02-16T14:30:55","guid":{"rendered":"https:\/\/www.vivawines.com.br\/loja\/produto\/prd78241\/"},"modified":"2026-02-16T11:30:55","modified_gmt":"2026-02-16T14:30:55","slug":"prd78241","status":"publish","type":"product","link":"https:\/\/www.vivawines.com.br\/loja\/produto\/prd78241\/","title":{"rendered":"Parole Di Famiglia Sauvignon Blanc"},"content":{"rendered":"<p>Tipo de Uva \u2013 Sauvignon Blanc.<br \/>\nSafra \u2013 2022<br \/>\nGradua\u00e7\u00e3o Alco\u00f3lica \u2013 13%<br \/>\nVolume \u2013 750 ml<br \/>\nRegi\u00e3o \u2013 Caxias do Sul\/RS<br \/>\nVin\u00edcola \u2013 Don Affonso<br \/>\nTipo \u2013 Vinho Fino Branco Seco<br \/>\nElabora\u00e7\u00e3o \u2013 Em tanques de inox.<br \/>\nHarmoniza\u00e7\u00e3o \u2013 Frutos do mar e massas com molho branco.<br \/>\nVis\u00e3o \u2013 L\u00edmpido, brilhante, amarelo palha e reflexos esverdeados.<br \/>\nOlfato \u2013 Aroma delicado e complexo, de intensidade m\u00e9dia, com notas frutadas e toque floral de jasmim.<br \/>\nPaladar \u2013 Harm\u00f4nico e refrescante, levemente gaseificado, com boa do\u00e7ura e acidez equilibrada, corpo m\u00e9dio e persist\u00eancia prolongada.<\/p>\n","protected":false},"excerpt":{"rendered":"<p>Parole Di Famiglia Sauvignon Blanc<\/p>\n","protected":false},"featured_media":12142,"comment_status":"open","ping_status":"closed","template":"","meta":[],"product_cat":[72],"product_tag":[],"_links":{"self":[{"href":"https:\/\/www.vivawines.com.br\/loja\/wp-json\/wp\/v2\/product\/12143"}],"collection":[{"href":"https:\/\/www.vivawines.com.br\/loja\/wp-json\/wp\/v2\/product"}],"about":[{"href":"https:\/\/www.vivawines.com.br\/loja\/wp-json\/wp\/v2\/types\/product"}],"replies":[{"embeddable":true,"href":"https:\/\/www.vivawines.com.br\/loja\/wp-json\/wp\/v2\/comments?post=12143"}],"wp:featuredmedia":[{"embeddable":true,"href":"https:\/\/www.vivawines.com.br\/loja\/wp-json\/wp\/v2\/media\/12142"}],"wp:attachment":[{"href":"https:\/\/www.vivawines.com.br\/loja\/wp-json\/wp\/v2\/media?parent=12143"}],"wp:term":[{"taxonomy":"product_cat","embeddable":true,"href":"https:\/\/www.vivawines.com.br\/loja\/wp-json\/wp\/v2\/product_cat?post=12143"},{"taxonomy":"product_tag","embeddable":true,"href":"https:\/\/www.vivawines.com.br\/loja\/wp-json\/wp\/v2\/product_tag?post=12143"}],"curies":[{"name":"wp","href":"https:\/\/api.w.org\/{rel}","templated":true}]}}