{"id":12147,"date":"2026-02-16T11:31:01","date_gmt":"2026-02-16T14:31:01","guid":{"rendered":"https:\/\/www.vivawines.com.br\/loja\/produto\/prd78245\/"},"modified":"2026-02-16T11:31:01","modified_gmt":"2026-02-16T14:31:01","slug":"prd78245","status":"publish","type":"product","link":"https:\/\/www.vivawines.com.br\/loja\/produto\/prd78245\/","title":{"rendered":"Parole Di Famiglia Ros\u00e9 Pinot Noir"},"content":{"rendered":"<p>Tipo de Uva \u2013 Pinot Noir.<br \/>\nSafra \u2013 2022<br \/>\nGradua\u00e7\u00e3o Alco\u00f3lica \u2013 13%<br \/>\nVolume \u2013 750 ml<br \/>\nRegi\u00e3o \u2013 Caxias do Sul\/RS<br \/>\nVin\u00edcola \u2013 Don Affonso<br \/>\nTipo \u2013 Vinho Fino Ros\u00e9 Seco<br \/>\nElabora\u00e7\u00e3o \u2013 Em tanque de inox.<br \/>\nHarmoniza\u00e7\u00e3o \u2013 Saladas, frutos do mar, carnes e massas.<br \/>\nVis\u00e3o \u2013 L\u00edmpido, brilhante, de colora\u00e7\u00e3o vermelho cereja\/ros\u00e1ceo.<br \/>\nOlfato \u2013 Aroma de m\u00e9dia intensidade, com notas de morango, framboesa, cereja, groselha e amoras doces. Com leve notas de p\u00eassego e ma\u00e7\u00e3.<br \/>\nPaladar \u2013 Leve ataque doce, \u00e9 agrad\u00e1vel, de m\u00e9dia acidez, bom corpo e estrutura. M\u00e9dia persist\u00eancia, retrogosto agrad\u00e1vel e intenso.<\/p>\n","protected":false},"excerpt":{"rendered":"<p>Parole Di Famiglia Ros\u00e9 Pinot Noir<\/p>\n","protected":false},"featured_media":12146,"comment_status":"open","ping_status":"closed","template":"","meta":[],"product_cat":[72],"product_tag":[],"_links":{"self":[{"href":"https:\/\/www.vivawines.com.br\/loja\/wp-json\/wp\/v2\/product\/12147"}],"collection":[{"href":"https:\/\/www.vivawines.com.br\/loja\/wp-json\/wp\/v2\/product"}],"about":[{"href":"https:\/\/www.vivawines.com.br\/loja\/wp-json\/wp\/v2\/types\/product"}],"replies":[{"embeddable":true,"href":"https:\/\/www.vivawines.com.br\/loja\/wp-json\/wp\/v2\/comments?post=12147"}],"wp:featuredmedia":[{"embeddable":true,"href":"https:\/\/www.vivawines.com.br\/loja\/wp-json\/wp\/v2\/media\/12146"}],"wp:attachment":[{"href":"https:\/\/www.vivawines.com.br\/loja\/wp-json\/wp\/v2\/media?parent=12147"}],"wp:term":[{"taxonomy":"product_cat","embeddable":true,"href":"https:\/\/www.vivawines.com.br\/loja\/wp-json\/wp\/v2\/product_cat?post=12147"},{"taxonomy":"product_tag","embeddable":true,"href":"https:\/\/www.vivawines.com.br\/loja\/wp-json\/wp\/v2\/product_tag?post=12147"}],"curies":[{"name":"wp","href":"https:\/\/api.w.org\/{rel}","templated":true}]}}