{"id":12155,"date":"2026-02-16T11:31:13","date_gmt":"2026-02-16T14:31:13","guid":{"rendered":"https:\/\/www.vivawines.com.br\/loja\/produto\/prd78258\/"},"modified":"2026-02-16T11:31:13","modified_gmt":"2026-02-16T14:31:13","slug":"prd78258","status":"publish","type":"product","link":"https:\/\/www.vivawines.com.br\/loja\/produto\/prd78258\/","title":{"rendered":"Santa Villa Reservado Carmenere"},"content":{"rendered":"<p>Tipo de Uva &#8211; Carmenere<br \/>\nSafra &#8211; 2021<br \/>\nGradua\u00e7\u00e3o Alco\u00f3lica &#8211; 12,5%<br \/>\nVolume &#8211; 750 ml<br \/>\nRegi\u00e3o &#8211; Valle Central, Chile<br \/>\nTipo &#8211; Vinho Fino Tinto Seco<br \/>\nElabora\u00e7\u00e3o &#8211; Em tanques de Inox.<br \/>\nHarmoniza\u00e7\u00e3o &#8211; Uma \u00f3tima op\u00e7\u00e3o para combinar s\u00e3o carnes vermelhas, aves e queijos de massa mole.<br \/>\nVis\u00e3o &#8211; Vermelha violeta intensa.<br \/>\nOlfato &#8211; Seus aromas lembram frutos vermelhos maduros com notas de pimenta.<br \/>\nPaladar &#8211; Na boca \u00e9 macio e redondo, com taninos doces.<\/p>\n","protected":false},"excerpt":{"rendered":"<p>Santa Villa Reservado Carmenere<\/p>\n","protected":false},"featured_media":12154,"comment_status":"open","ping_status":"closed","template":"","meta":[],"product_cat":[72],"product_tag":[],"_links":{"self":[{"href":"https:\/\/www.vivawines.com.br\/loja\/wp-json\/wp\/v2\/product\/12155"}],"collection":[{"href":"https:\/\/www.vivawines.com.br\/loja\/wp-json\/wp\/v2\/product"}],"about":[{"href":"https:\/\/www.vivawines.com.br\/loja\/wp-json\/wp\/v2\/types\/product"}],"replies":[{"embeddable":true,"href":"https:\/\/www.vivawines.com.br\/loja\/wp-json\/wp\/v2\/comments?post=12155"}],"wp:featuredmedia":[{"embeddable":true,"href":"https:\/\/www.vivawines.com.br\/loja\/wp-json\/wp\/v2\/media\/12154"}],"wp:attachment":[{"href":"https:\/\/www.vivawines.com.br\/loja\/wp-json\/wp\/v2\/media?parent=12155"}],"wp:term":[{"taxonomy":"product_cat","embeddable":true,"href":"https:\/\/www.vivawines.com.br\/loja\/wp-json\/wp\/v2\/product_cat?post=12155"},{"taxonomy":"product_tag","embeddable":true,"href":"https:\/\/www.vivawines.com.br\/loja\/wp-json\/wp\/v2\/product_tag?post=12155"}],"curies":[{"name":"wp","href":"https:\/\/api.w.org\/{rel}","templated":true}]}}