{"id":12159,"date":"2026-02-16T11:31:20","date_gmt":"2026-02-16T14:31:20","guid":{"rendered":"https:\/\/www.vivawines.com.br\/loja\/produto\/prd78265\/"},"modified":"2026-02-16T11:31:20","modified_gmt":"2026-02-16T14:31:20","slug":"prd78265","status":"publish","type":"product","link":"https:\/\/www.vivawines.com.br\/loja\/produto\/prd78265\/","title":{"rendered":"Espumante Reserva da Fam\u00edlia Moscatel Ros\u00e9"},"content":{"rendered":"<p>Tipo de Uva &#8211; Blend<br \/>\nSafra &#8211; N\u00e3o safrado<br \/>\nGradua\u00e7\u00e3o Alco\u00f3lica &#8211; 7,5%<br \/>\nVolume &#8211; 750 ml<br \/>\nRegi\u00e3o &#8211; Flores da Cunha\/RS<br \/>\nVin\u00edcola &#8211; Mioranza<br \/>\nTipo &#8211; Espumante Moscatel<br \/>\nM\u00e9todo &#8211; Asti<br \/>\nHarmoniza\u00e7\u00e3o &#8211; Ideal para coquet\u00e9is, sobremesa.<br \/>\nVis\u00e3o &#8211; Colora\u00e7\u00e3o ros\u00e9 salm\u00e3o<br \/>\nOlfato &#8211; P\u00eassego, baunilha, flores e especiarias.<br \/>\nPaladar &#8211; Macio e com bom frescor. Apresenta acidez equilibrada e retrogosto agrad\u00e1vel.<\/p>\n","protected":false},"excerpt":{"rendered":"<p>Espumante Reserva da Fam\u00edlia Moscatel Ros\u00e9<\/p>\n","protected":false},"featured_media":12158,"comment_status":"open","ping_status":"closed","template":"","meta":[],"product_cat":[339],"product_tag":[],"_links":{"self":[{"href":"https:\/\/www.vivawines.com.br\/loja\/wp-json\/wp\/v2\/product\/12159"}],"collection":[{"href":"https:\/\/www.vivawines.com.br\/loja\/wp-json\/wp\/v2\/product"}],"about":[{"href":"https:\/\/www.vivawines.com.br\/loja\/wp-json\/wp\/v2\/types\/product"}],"replies":[{"embeddable":true,"href":"https:\/\/www.vivawines.com.br\/loja\/wp-json\/wp\/v2\/comments?post=12159"}],"wp:featuredmedia":[{"embeddable":true,"href":"https:\/\/www.vivawines.com.br\/loja\/wp-json\/wp\/v2\/media\/12158"}],"wp:attachment":[{"href":"https:\/\/www.vivawines.com.br\/loja\/wp-json\/wp\/v2\/media?parent=12159"}],"wp:term":[{"taxonomy":"product_cat","embeddable":true,"href":"https:\/\/www.vivawines.com.br\/loja\/wp-json\/wp\/v2\/product_cat?post=12159"},{"taxonomy":"product_tag","embeddable":true,"href":"https:\/\/www.vivawines.com.br\/loja\/wp-json\/wp\/v2\/product_tag?post=12159"}],"curies":[{"name":"wp","href":"https:\/\/api.w.org\/{rel}","templated":true}]}}