{"id":12163,"date":"2026-02-16T11:31:39","date_gmt":"2026-02-16T14:31:39","guid":{"rendered":"https:\/\/www.vivawines.com.br\/loja\/produto\/prdes172-11\/"},"modified":"2026-02-16T11:31:39","modified_gmt":"2026-02-16T14:31:39","slug":"prdes172-11","status":"publish","type":"product","link":"https:\/\/www.vivawines.com.br\/loja\/produto\/prdes172-11\/","title":{"rendered":"Espumante Rio Bravo Brut"},"content":{"rendered":"<p>Tipo de Uva &#8211; Chardonnay, Pinot Noir, Riesling It\u00e1lico<br \/>\nSafra &#8211; N\u00e3o safrado<br \/>\nGradua\u00e7\u00e3o Alco\u00f3lica &#8211; 11,2%<br \/>\nVolume &#8211; 750 ml<br \/>\nRegi\u00e3o &#8211; Flores da Cunha\/RS<br \/>\nVin\u00edcola &#8211; Mioranza<br \/>\nTipo &#8211; Espumante Brut<br \/>\nM\u00e9todo &#8211; Charmat<br \/>\nHarmoniza\u00e7\u00e3o &#8211; Peixes, frutos do mar, molhos leves e queijos cremosos.<br \/>\nVis\u00e3o &#8211; Colora\u00e7\u00e3o amarelo palha, reflexos esverdeados e l\u00edmpido.<br \/>\nOlfato &#8211; Frutas como abacaxi, ma\u00e7a verde e pera.<br \/>\nPaladar &#8211; Acidez agrad\u00e1vel e perlage intenso.<\/p>\n","protected":false},"excerpt":{"rendered":"<p>Espumante Rio Bravo Brut<\/p>\n","protected":false},"featured_media":12162,"comment_status":"open","ping_status":"closed","template":"","meta":[],"product_cat":[339],"product_tag":[],"_links":{"self":[{"href":"https:\/\/www.vivawines.com.br\/loja\/wp-json\/wp\/v2\/product\/12163"}],"collection":[{"href":"https:\/\/www.vivawines.com.br\/loja\/wp-json\/wp\/v2\/product"}],"about":[{"href":"https:\/\/www.vivawines.com.br\/loja\/wp-json\/wp\/v2\/types\/product"}],"replies":[{"embeddable":true,"href":"https:\/\/www.vivawines.com.br\/loja\/wp-json\/wp\/v2\/comments?post=12163"}],"wp:featuredmedia":[{"embeddable":true,"href":"https:\/\/www.vivawines.com.br\/loja\/wp-json\/wp\/v2\/media\/12162"}],"wp:attachment":[{"href":"https:\/\/www.vivawines.com.br\/loja\/wp-json\/wp\/v2\/media?parent=12163"}],"wp:term":[{"taxonomy":"product_cat","embeddable":true,"href":"https:\/\/www.vivawines.com.br\/loja\/wp-json\/wp\/v2\/product_cat?post=12163"},{"taxonomy":"product_tag","embeddable":true,"href":"https:\/\/www.vivawines.com.br\/loja\/wp-json\/wp\/v2\/product_tag?post=12163"}],"curies":[{"name":"wp","href":"https:\/\/api.w.org\/{rel}","templated":true}]}}