{"id":12165,"date":"2026-02-16T11:31:42","date_gmt":"2026-02-16T14:31:42","guid":{"rendered":"https:\/\/www.vivawines.com.br\/loja\/produto\/prdes173-11\/"},"modified":"2026-02-16T11:31:42","modified_gmt":"2026-02-16T14:31:42","slug":"prdes173-11","status":"publish","type":"product","link":"https:\/\/www.vivawines.com.br\/loja\/produto\/prdes173-11\/","title":{"rendered":"Espumante Rio Bravo Demi-Sec"},"content":{"rendered":"<p>Tipo de Uva &#8211; Chardonnay, Pinot Noir, Riesling It\u00e1lico<br \/>\nSafra &#8211; N\u00e3o safrado<br \/>\nGradua\u00e7\u00e3o Alco\u00f3lica &#8211; 11%<br \/>\nVolume &#8211; 750 ml<br \/>\nRegi\u00e3o &#8211; Flores da Cunha\/RS<br \/>\nTipo &#8211; Espumante Demi-Sec<br \/>\nM\u00e9todo &#8211; Charmat<br \/>\nHarmoniza\u00e7\u00e3o &#8211; Peixes, frutos do mar, molhos leves e queijos cremosos.<br \/>\nVis\u00e3o &#8211; Colora\u00e7\u00e3o amarelo palha com reflexos esverdeados, aspecto visual l\u00edmpido<br \/>\nOlfato &#8211; Frutas como damasco, ameixa seca e frutas cristalizadas<br \/>\nPaladar &#8211; Macio e com bom frescor. Apresenta acidez equilibrada e retrogosto agrad\u00e1vel<\/p>\n","protected":false},"excerpt":{"rendered":"<p>Espumante Rio Bravo Demi-Sec<\/p>\n","protected":false},"featured_media":12164,"comment_status":"open","ping_status":"closed","template":"","meta":[],"product_cat":[339],"product_tag":[],"_links":{"self":[{"href":"https:\/\/www.vivawines.com.br\/loja\/wp-json\/wp\/v2\/product\/12165"}],"collection":[{"href":"https:\/\/www.vivawines.com.br\/loja\/wp-json\/wp\/v2\/product"}],"about":[{"href":"https:\/\/www.vivawines.com.br\/loja\/wp-json\/wp\/v2\/types\/product"}],"replies":[{"embeddable":true,"href":"https:\/\/www.vivawines.com.br\/loja\/wp-json\/wp\/v2\/comments?post=12165"}],"wp:featuredmedia":[{"embeddable":true,"href":"https:\/\/www.vivawines.com.br\/loja\/wp-json\/wp\/v2\/media\/12164"}],"wp:attachment":[{"href":"https:\/\/www.vivawines.com.br\/loja\/wp-json\/wp\/v2\/media?parent=12165"}],"wp:term":[{"taxonomy":"product_cat","embeddable":true,"href":"https:\/\/www.vivawines.com.br\/loja\/wp-json\/wp\/v2\/product_cat?post=12165"},{"taxonomy":"product_tag","embeddable":true,"href":"https:\/\/www.vivawines.com.br\/loja\/wp-json\/wp\/v2\/product_tag?post=12165"}],"curies":[{"name":"wp","href":"https:\/\/api.w.org\/{rel}","templated":true}]}}