{"id":12171,"date":"2026-02-16T11:31:53","date_gmt":"2026-02-16T14:31:53","guid":{"rendered":"https:\/\/www.vivawines.com.br\/loja\/produto\/prdes213-11\/"},"modified":"2026-02-16T11:31:53","modified_gmt":"2026-02-16T14:31:53","slug":"prdes213-11","status":"publish","type":"product","link":"https:\/\/www.vivawines.com.br\/loja\/produto\/prdes213-11\/","title":{"rendered":"Espumante Rio Bravo Brut Ros\u00e9"},"content":{"rendered":"<p>Tipo de Uva &#8211; Chardonnay, Riesling e Pinot Noir<br \/>\nSafra &#8211; 2019<br \/>\nGradua\u00e7\u00e3o Alco\u00f3lica &#8211; 11,2%<br \/>\nVolume &#8211; 750 ml<br \/>\nRegi\u00e3o &#8211; Flores da Cunha, RS<br \/>\nTipo &#8211; Espumante Brut Ros\u00e9<br \/>\nElabora\u00e7\u00e3o &#8211; M\u00e9todo Charmat<br \/>\nHarmoniza\u00e7\u00e3o &#8211; Peixes, comida japonesa, \u00f3timo para beber na praia.<br \/>\nVis\u00e3o &#8211;  Rosa Salm\u00e3o<br \/>\nOlfato &#8211; Bouquet de frutas vermelhas como morango, cerejas, framboesa e ma\u00e7\u00e3 fresca.<br \/>\nPaladar &#8211; Macio, redondo e revela uma acidez equilibrada.<\/p>\n","protected":false},"excerpt":{"rendered":"<p>Espumante Rio Bravo Brut Ros\u00e9<\/p>\n","protected":false},"featured_media":12170,"comment_status":"open","ping_status":"closed","template":"","meta":[],"product_cat":[339],"product_tag":[],"_links":{"self":[{"href":"https:\/\/www.vivawines.com.br\/loja\/wp-json\/wp\/v2\/product\/12171"}],"collection":[{"href":"https:\/\/www.vivawines.com.br\/loja\/wp-json\/wp\/v2\/product"}],"about":[{"href":"https:\/\/www.vivawines.com.br\/loja\/wp-json\/wp\/v2\/types\/product"}],"replies":[{"embeddable":true,"href":"https:\/\/www.vivawines.com.br\/loja\/wp-json\/wp\/v2\/comments?post=12171"}],"wp:featuredmedia":[{"embeddable":true,"href":"https:\/\/www.vivawines.com.br\/loja\/wp-json\/wp\/v2\/media\/12170"}],"wp:attachment":[{"href":"https:\/\/www.vivawines.com.br\/loja\/wp-json\/wp\/v2\/media?parent=12171"}],"wp:term":[{"taxonomy":"product_cat","embeddable":true,"href":"https:\/\/www.vivawines.com.br\/loja\/wp-json\/wp\/v2\/product_cat?post=12171"},{"taxonomy":"product_tag","embeddable":true,"href":"https:\/\/www.vivawines.com.br\/loja\/wp-json\/wp\/v2\/product_tag?post=12171"}],"curies":[{"name":"wp","href":"https:\/\/api.w.org\/{rel}","templated":true}]}}