{"id":12175,"date":"2026-02-16T11:32:04","date_gmt":"2026-02-16T14:32:04","guid":{"rendered":"https:\/\/www.vivawines.com.br\/loja\/produto\/prdv143\/"},"modified":"2026-02-16T11:32:04","modified_gmt":"2026-02-16T14:32:04","slug":"prdv143","status":"publish","type":"product","link":"https:\/\/www.vivawines.com.br\/loja\/produto\/prdv143\/","title":{"rendered":"Vi\u00f1a San Esteban Gran Reserva Cabernet Sauvignon"},"content":{"rendered":"<p>Tipo de Uva &#8211; Cabernet Sauvignon<br \/>\nSafra &#8211; 2012<br \/>\nGradua\u00e7\u00e3o Alco\u00f3lica &#8211; 14,50%<br \/>\nVolume &#8211; 750 ml<br \/>\nRegi\u00e3o &#8211; Vale de Aconcagua, Chile<br \/>\nTipo &#8211; Fino Tinto Seco<br \/>\nElabora\u00e7\u00e3o &#8211; Colhido e fermentado em a\u00e7o inox com temperatura controlada (28\u00baC), ele foi macerado por 20 dias e, em seguida, envelhecido em 70% franc\u00eas e 30% barricas de carvalho americano de 225 litros por 12 meses. Ap\u00f3s o engarrafamento este vinho foi envelhecido por pelo menos 3 meses adicionais antes do lan\u00e7amento.<br \/>\nHarmoniza\u00e7\u00e3o &#8211; Grelhado de carne vermelha, picanha, cordeiro.<br \/>\nVis\u00e3o &#8211; Rubi intenso.<br \/>\nOlfato &#8211; Notas de fruta escura e aromas de pimenta preta.<br \/>\nPaladar &#8211; Abund\u00e2ncia de carvalho polido e taninos bem integrados com boa persist\u00eancia.<\/p>\n","protected":false},"excerpt":{"rendered":"<p>Vi\u00f1a San Esteban Gran Reserva Cabernet Sauvignon<\/p>\n","protected":false},"featured_media":12174,"comment_status":"open","ping_status":"closed","template":"","meta":[],"product_cat":[72],"product_tag":[],"_links":{"self":[{"href":"https:\/\/www.vivawines.com.br\/loja\/wp-json\/wp\/v2\/product\/12175"}],"collection":[{"href":"https:\/\/www.vivawines.com.br\/loja\/wp-json\/wp\/v2\/product"}],"about":[{"href":"https:\/\/www.vivawines.com.br\/loja\/wp-json\/wp\/v2\/types\/product"}],"replies":[{"embeddable":true,"href":"https:\/\/www.vivawines.com.br\/loja\/wp-json\/wp\/v2\/comments?post=12175"}],"wp:featuredmedia":[{"embeddable":true,"href":"https:\/\/www.vivawines.com.br\/loja\/wp-json\/wp\/v2\/media\/12174"}],"wp:attachment":[{"href":"https:\/\/www.vivawines.com.br\/loja\/wp-json\/wp\/v2\/media?parent=12175"}],"wp:term":[{"taxonomy":"product_cat","embeddable":true,"href":"https:\/\/www.vivawines.com.br\/loja\/wp-json\/wp\/v2\/product_cat?post=12175"},{"taxonomy":"product_tag","embeddable":true,"href":"https:\/\/www.vivawines.com.br\/loja\/wp-json\/wp\/v2\/product_tag?post=12175"}],"curies":[{"name":"wp","href":"https:\/\/api.w.org\/{rel}","templated":true}]}}