{"id":12183,"date":"2026-02-16T11:32:26","date_gmt":"2026-02-16T14:32:26","guid":{"rendered":"https:\/\/www.vivawines.com.br\/loja\/produto\/prdv397\/"},"modified":"2026-02-16T11:32:26","modified_gmt":"2026-02-16T14:32:26","slug":"prdv397","status":"publish","type":"product","link":"https:\/\/www.vivawines.com.br\/loja\/produto\/prdv397\/","title":{"rendered":"Monfort Fohn Rosso"},"content":{"rendered":"<p>Tipo de Uva &#8211; Merlot e uvas locais<br \/>\nSafra &#8211; 2018<br \/>\nGradua\u00e7\u00e3o Alco\u00f3lica &#8211; 13%<br \/>\nVolume &#8211; 750 ml<br \/>\nRegi\u00e3o &#8211; Trentino,  It\u00e1lia<br \/>\nTipo &#8211; Vinho Fino Tinto Seco<br \/>\nElabora\u00e7\u00e3o &#8211; Fermenta\u00e7\u00e3o em tanques de inox e brevemente refinado na garrafa.<br \/>\nHarmoniza\u00e7\u00e3o &#8211; Carne branca ou vermelhas leves assadas, muito saboroso com o primeiro prato. Um vinho distinto e refinado.<br \/>\nVis\u00e3o &#8211; Vermelho rubi.<br \/>\nOlfato &#8211; Com aroma frutado e leves toques de herb\u00e1ceas.<br \/>\nPaladar &#8211; Seco com uma agrad\u00e1vel toque de am\u00eandoas ao final.<\/p>\n","protected":false},"excerpt":{"rendered":"<p>Monfort Fohn Rosso<\/p>\n","protected":false},"featured_media":12182,"comment_status":"open","ping_status":"closed","template":"","meta":[],"product_cat":[72],"product_tag":[],"_links":{"self":[{"href":"https:\/\/www.vivawines.com.br\/loja\/wp-json\/wp\/v2\/product\/12183"}],"collection":[{"href":"https:\/\/www.vivawines.com.br\/loja\/wp-json\/wp\/v2\/product"}],"about":[{"href":"https:\/\/www.vivawines.com.br\/loja\/wp-json\/wp\/v2\/types\/product"}],"replies":[{"embeddable":true,"href":"https:\/\/www.vivawines.com.br\/loja\/wp-json\/wp\/v2\/comments?post=12183"}],"wp:featuredmedia":[{"embeddable":true,"href":"https:\/\/www.vivawines.com.br\/loja\/wp-json\/wp\/v2\/media\/12182"}],"wp:attachment":[{"href":"https:\/\/www.vivawines.com.br\/loja\/wp-json\/wp\/v2\/media?parent=12183"}],"wp:term":[{"taxonomy":"product_cat","embeddable":true,"href":"https:\/\/www.vivawines.com.br\/loja\/wp-json\/wp\/v2\/product_cat?post=12183"},{"taxonomy":"product_tag","embeddable":true,"href":"https:\/\/www.vivawines.com.br\/loja\/wp-json\/wp\/v2\/product_tag?post=12183"}],"curies":[{"name":"wp","href":"https:\/\/api.w.org\/{rel}","templated":true}]}}