{"id":12185,"date":"2026-02-16T11:32:29","date_gmt":"2026-02-16T14:32:29","guid":{"rendered":"https:\/\/www.vivawines.com.br\/loja\/produto\/prdv406-11\/"},"modified":"2026-02-16T11:32:29","modified_gmt":"2026-02-16T14:32:29","slug":"prdv406-11","status":"publish","type":"product","link":"https:\/\/www.vivawines.com.br\/loja\/produto\/prdv406-11\/","title":{"rendered":"Heroes Santa Rita Merlot"},"content":{"rendered":"<p>Tipo de Uva &#8211; Merlot<br \/>\nSafra &#8211; 2019<br \/>\nGradua\u00e7\u00e3o Alco\u00f3lica &#8211; 13%<br \/>\nVolume &#8211; 750 ml<br \/>\nRegi\u00e3o &#8211; Valle Central, Chile<br \/>\nTipo &#8211; Vinho Fino Tinto Seco<br \/>\nElabora\u00e7\u00e3o &#8211; Leve passagem em barricas de carvalho franc\u00eas.<br \/>\nHarmoniza\u00e7\u00e3o &#8211; Ideal com massas leves<br \/>\nVis\u00e3o &#8211; Vermelho l\u00edmpido<br \/>\nOlfato &#8211; Aromas dominados por frutas variadas, como morangos, amoras, mirtilos e ameixas.<br \/>\nPaladar &#8211; Vinho leve, taninos bem incorporados com o vinho.<\/p>\n","protected":false},"excerpt":{"rendered":"<p>Heroes Santa Rita Merlot<\/p>\n","protected":false},"featured_media":12184,"comment_status":"open","ping_status":"closed","template":"","meta":[],"product_cat":[72],"product_tag":[],"_links":{"self":[{"href":"https:\/\/www.vivawines.com.br\/loja\/wp-json\/wp\/v2\/product\/12185"}],"collection":[{"href":"https:\/\/www.vivawines.com.br\/loja\/wp-json\/wp\/v2\/product"}],"about":[{"href":"https:\/\/www.vivawines.com.br\/loja\/wp-json\/wp\/v2\/types\/product"}],"replies":[{"embeddable":true,"href":"https:\/\/www.vivawines.com.br\/loja\/wp-json\/wp\/v2\/comments?post=12185"}],"wp:featuredmedia":[{"embeddable":true,"href":"https:\/\/www.vivawines.com.br\/loja\/wp-json\/wp\/v2\/media\/12184"}],"wp:attachment":[{"href":"https:\/\/www.vivawines.com.br\/loja\/wp-json\/wp\/v2\/media?parent=12185"}],"wp:term":[{"taxonomy":"product_cat","embeddable":true,"href":"https:\/\/www.vivawines.com.br\/loja\/wp-json\/wp\/v2\/product_cat?post=12185"},{"taxonomy":"product_tag","embeddable":true,"href":"https:\/\/www.vivawines.com.br\/loja\/wp-json\/wp\/v2\/product_tag?post=12185"}],"curies":[{"name":"wp","href":"https:\/\/api.w.org\/{rel}","templated":true}]}}