{"id":12187,"date":"2026-02-16T11:32:34","date_gmt":"2026-02-16T14:32:34","guid":{"rendered":"https:\/\/www.vivawines.com.br\/loja\/produto\/prdv452-11\/"},"modified":"2026-02-16T11:32:34","modified_gmt":"2026-02-16T14:32:34","slug":"prdv452-11","status":"publish","type":"product","link":"https:\/\/www.vivawines.com.br\/loja\/produto\/prdv452-11\/","title":{"rendered":"120 Reserva Especial Pinot Noir"},"content":{"rendered":"<p>Tipo de Uva &#8211; Pinot Noir<br \/>\nSafra &#8211; 2018<br \/>\nGradua\u00e7\u00e3o Alco\u00f3lica &#8211; 13%<br \/>\nVolume &#8211; 750 ml<br \/>\nRegi\u00e3o &#8211; Valle do Aconc\u00e1gua, Chile<br \/>\nTipo &#8211; Vinho Fino Tinto Seco<br \/>\nElabora\u00e7\u00e3o &#8211; Sem passagem em barricas.<br \/>\nHarmoniza\u00e7\u00e3o &#8211; Carpaccio, penne ao molho bechamel, pizza de r\u00facula com tomate seco e sushi.<br \/>\nVis\u00e3o &#8211; Vermelho violeta com reflexos p\u00farpura.<br \/>\nOlfato &#8211; Os aromas de frutos vermelhos frescos se abrem delicadamente em ta\u00e7a, framboesas logo se encontram com notas levemente picantes, herb\u00e1ceas e de terra \u00famida, em uma interessante complexidade de aromas.<br \/>\nPaladar &#8211; Cogumelo, amora, framboesa, mirtilo.<\/p>\n","protected":false},"excerpt":{"rendered":"<p>120 Reserva Especial Pinot Noir<\/p>\n","protected":false},"featured_media":12186,"comment_status":"open","ping_status":"closed","template":"","meta":[],"product_cat":[72],"product_tag":[],"_links":{"self":[{"href":"https:\/\/www.vivawines.com.br\/loja\/wp-json\/wp\/v2\/product\/12187"}],"collection":[{"href":"https:\/\/www.vivawines.com.br\/loja\/wp-json\/wp\/v2\/product"}],"about":[{"href":"https:\/\/www.vivawines.com.br\/loja\/wp-json\/wp\/v2\/types\/product"}],"replies":[{"embeddable":true,"href":"https:\/\/www.vivawines.com.br\/loja\/wp-json\/wp\/v2\/comments?post=12187"}],"wp:featuredmedia":[{"embeddable":true,"href":"https:\/\/www.vivawines.com.br\/loja\/wp-json\/wp\/v2\/media\/12186"}],"wp:attachment":[{"href":"https:\/\/www.vivawines.com.br\/loja\/wp-json\/wp\/v2\/media?parent=12187"}],"wp:term":[{"taxonomy":"product_cat","embeddable":true,"href":"https:\/\/www.vivawines.com.br\/loja\/wp-json\/wp\/v2\/product_cat?post=12187"},{"taxonomy":"product_tag","embeddable":true,"href":"https:\/\/www.vivawines.com.br\/loja\/wp-json\/wp\/v2\/product_tag?post=12187"}],"curies":[{"name":"wp","href":"https:\/\/api.w.org\/{rel}","templated":true}]}}