{"id":12189,"date":"2026-02-16T11:32:39","date_gmt":"2026-02-16T14:32:39","guid":{"rendered":"https:\/\/www.vivawines.com.br\/loja\/produto\/prdv497\/"},"modified":"2026-02-16T11:32:39","modified_gmt":"2026-02-16T14:32:39","slug":"prdv497","status":"publish","type":"product","link":"https:\/\/www.vivawines.com.br\/loja\/produto\/prdv497\/","title":{"rendered":"Don Giovanni Cabernet Franc"},"content":{"rendered":"<p>Tipo de Uva &#8211; Cabernet Franc<br \/>\nSafra &#8211; 2020<br \/>\nGradua\u00e7\u00e3o Alco\u00f3lica &#8211; 12,5%<br \/>\nVolume &#8211; 750 ml<br \/>\nRegi\u00e3o &#8211; Pinto Bandeira\/RS<br \/>\nTipo &#8211; Vinho Fino Tinto Seco<br \/>\nElabora\u00e7\u00e3o &#8211; 12 meses de passagem em barricas de carvalho.<br \/>\nHarmoniza\u00e7\u00e3o &#8211; Pizzas e queijos de meia cura.<br \/>\nVis\u00e3o &#8211; Vermelho rubi profundo.<br \/>\nOlfato &#8211; Complexo e elegante, notas de frutas vermelhas, herb\u00e1ceas com menta e especiarias como pimenta preta e tabaco.<br \/>\nPaladar &#8211; Boa persist\u00eancia e equil\u00edbrio, taninos elegantes e aveludados.<\/p>\n","protected":false},"excerpt":{"rendered":"<p>Don Giovanni Cabernet Franc<\/p>\n","protected":false},"featured_media":12188,"comment_status":"open","ping_status":"closed","template":"","meta":[],"product_cat":[72],"product_tag":[],"_links":{"self":[{"href":"https:\/\/www.vivawines.com.br\/loja\/wp-json\/wp\/v2\/product\/12189"}],"collection":[{"href":"https:\/\/www.vivawines.com.br\/loja\/wp-json\/wp\/v2\/product"}],"about":[{"href":"https:\/\/www.vivawines.com.br\/loja\/wp-json\/wp\/v2\/types\/product"}],"replies":[{"embeddable":true,"href":"https:\/\/www.vivawines.com.br\/loja\/wp-json\/wp\/v2\/comments?post=12189"}],"wp:featuredmedia":[{"embeddable":true,"href":"https:\/\/www.vivawines.com.br\/loja\/wp-json\/wp\/v2\/media\/12188"}],"wp:attachment":[{"href":"https:\/\/www.vivawines.com.br\/loja\/wp-json\/wp\/v2\/media?parent=12189"}],"wp:term":[{"taxonomy":"product_cat","embeddable":true,"href":"https:\/\/www.vivawines.com.br\/loja\/wp-json\/wp\/v2\/product_cat?post=12189"},{"taxonomy":"product_tag","embeddable":true,"href":"https:\/\/www.vivawines.com.br\/loja\/wp-json\/wp\/v2\/product_tag?post=12189"}],"curies":[{"name":"wp","href":"https:\/\/api.w.org\/{rel}","templated":true}]}}