{"id":12191,"date":"2026-02-16T11:32:45","date_gmt":"2026-02-16T14:32:45","guid":{"rendered":"https:\/\/www.vivawines.com.br\/loja\/produto\/prdv556\/"},"modified":"2026-02-16T11:32:45","modified_gmt":"2026-02-16T14:32:45","slug":"prdv556","status":"publish","type":"product","link":"https:\/\/www.vivawines.com.br\/loja\/produto\/prdv556\/","title":{"rendered":"Niven Aqui Estamos Todos Locos"},"content":{"rendered":"<p>Tipo de Uva &#8211; 60% Tempranillo e 40% Ancellotta<br \/>\nSafra &#8211; 2018<br \/>\nGradua\u00e7\u00e3o Alco\u00f3lica &#8211; 13,6%<br \/>\nVolume &#8211; 750 ml<br \/>\nRegi\u00e3o &#8211; Mendoza, Argentina.<br \/>\nTipo &#8211; Fino Tinto Seco<br \/>\nElabora\u00e7\u00e3o &#8211; Passagem de 6 meses por barrica de carvalho franc\u00eas de 3\u00ba e 4\u00ba uso.<br \/>\nHarmoniza\u00e7\u00e3o &#8211; Carne de ca\u00e7a, cordeiro, carnes vermelhas.<br \/>\nVis\u00e3o &#8211;  Rubi intenso.<br \/>\nOlfato &#8211; Frutas negras maduras,<br \/>\nPaladar &#8211; Taninos marcantes corpo consistente e final prolongado.<\/p>\n","protected":false},"excerpt":{"rendered":"<p>Niven Aqui Estamos Todos Locos<\/p>\n","protected":false},"featured_media":12190,"comment_status":"open","ping_status":"closed","template":"","meta":[],"product_cat":[72],"product_tag":[],"_links":{"self":[{"href":"https:\/\/www.vivawines.com.br\/loja\/wp-json\/wp\/v2\/product\/12191"}],"collection":[{"href":"https:\/\/www.vivawines.com.br\/loja\/wp-json\/wp\/v2\/product"}],"about":[{"href":"https:\/\/www.vivawines.com.br\/loja\/wp-json\/wp\/v2\/types\/product"}],"replies":[{"embeddable":true,"href":"https:\/\/www.vivawines.com.br\/loja\/wp-json\/wp\/v2\/comments?post=12191"}],"wp:featuredmedia":[{"embeddable":true,"href":"https:\/\/www.vivawines.com.br\/loja\/wp-json\/wp\/v2\/media\/12190"}],"wp:attachment":[{"href":"https:\/\/www.vivawines.com.br\/loja\/wp-json\/wp\/v2\/media?parent=12191"}],"wp:term":[{"taxonomy":"product_cat","embeddable":true,"href":"https:\/\/www.vivawines.com.br\/loja\/wp-json\/wp\/v2\/product_cat?post=12191"},{"taxonomy":"product_tag","embeddable":true,"href":"https:\/\/www.vivawines.com.br\/loja\/wp-json\/wp\/v2\/product_tag?post=12191"}],"curies":[{"name":"wp","href":"https:\/\/api.w.org\/{rel}","templated":true}]}}