{"id":12195,"date":"2026-02-16T11:32:53","date_gmt":"2026-02-16T14:32:53","guid":{"rendered":"https:\/\/www.vivawines.com.br\/loja\/produto\/prdvb192-11\/"},"modified":"2026-02-16T11:32:53","modified_gmt":"2026-02-16T14:32:53","slug":"prdvb192-11","status":"publish","type":"product","link":"https:\/\/www.vivawines.com.br\/loja\/produto\/prdvb192-11\/","title":{"rendered":"Cordillera Andina Sauvignon Blanc"},"content":{"rendered":"<p>Tipo de Uva &#8211; Sauvignon Blanc<br \/>\nSafra &#8211; 2021<br \/>\nGradua\u00e7\u00e3o Alco\u00f3lica &#8211; 12,5%<br \/>\nVolume &#8211; 750 ml<br \/>\nRegi\u00e3o &#8211; Valle Central, Chile<br \/>\nTipo &#8211; Vinho Fino Branco Seco<br \/>\nElabora\u00e7\u00e3o &#8211; Sem passagem em barricas de carvalho.<br \/>\nHarmoniza\u00e7\u00e3o &#8211; Ele coincide com aperitivos, ceviche, frutos do mar e saladas verdes.<br \/>\nVis\u00e3o &#8211;  Cor amarelo claro, com tons esverdeados.<br \/>\nOlfato &#8211; Aromas s\u00e3o proeminentes de lim\u00e3o, toranja, groselha e mistura de frutas harmoniosamente com notas florais.<br \/>\nPaladar &#8211; Na boca \u00e9 crocante e refrescante.<\/p>\n","protected":false},"excerpt":{"rendered":"<p>Cordillera Andina Sauvignon Blanc<\/p>\n","protected":false},"featured_media":12194,"comment_status":"open","ping_status":"closed","template":"","meta":[],"product_cat":[72],"product_tag":[],"_links":{"self":[{"href":"https:\/\/www.vivawines.com.br\/loja\/wp-json\/wp\/v2\/product\/12195"}],"collection":[{"href":"https:\/\/www.vivawines.com.br\/loja\/wp-json\/wp\/v2\/product"}],"about":[{"href":"https:\/\/www.vivawines.com.br\/loja\/wp-json\/wp\/v2\/types\/product"}],"replies":[{"embeddable":true,"href":"https:\/\/www.vivawines.com.br\/loja\/wp-json\/wp\/v2\/comments?post=12195"}],"wp:featuredmedia":[{"embeddable":true,"href":"https:\/\/www.vivawines.com.br\/loja\/wp-json\/wp\/v2\/media\/12194"}],"wp:attachment":[{"href":"https:\/\/www.vivawines.com.br\/loja\/wp-json\/wp\/v2\/media?parent=12195"}],"wp:term":[{"taxonomy":"product_cat","embeddable":true,"href":"https:\/\/www.vivawines.com.br\/loja\/wp-json\/wp\/v2\/product_cat?post=12195"},{"taxonomy":"product_tag","embeddable":true,"href":"https:\/\/www.vivawines.com.br\/loja\/wp-json\/wp\/v2\/product_tag?post=12195"}],"curies":[{"name":"wp","href":"https:\/\/api.w.org\/{rel}","templated":true}]}}