{"id":12197,"date":"2026-02-16T11:32:58","date_gmt":"2026-02-16T14:32:58","guid":{"rendered":"https:\/\/www.vivawines.com.br\/loja\/produto\/prdvb216\/"},"modified":"2026-02-16T11:32:58","modified_gmt":"2026-02-16T14:32:58","slug":"prdvb216","status":"publish","type":"product","link":"https:\/\/www.vivawines.com.br\/loja\/produto\/prdvb216\/","title":{"rendered":"Monte Agudo Unoaked Chardonnay"},"content":{"rendered":"<p>Tipo de Uva &#8211; Chardonnay<br \/>\nSafra &#8211; 2017<br \/>\nGradua\u00e7\u00e3o Alco\u00f3lica &#8211; 12,3%<br \/>\nVolume &#8211; 750 ml<br \/>\nRegi\u00e3o &#8211; S\u00e3o Joaquim, SC<br \/>\nVin\u00edcola &#8211; Monte Agudo<br \/>\nTipo &#8211; Fino Branco Seco<br \/>\nElabora\u00e7\u00e3o &#8211; Ap\u00f3s a fermenta\u00e7\u00e3o, est\u00e1gio de aproximadamente 4 meses das leveduras em contato com vinho para obtermos sabores mais cremosos e amanteigados.<br \/>\nHarmoniza\u00e7\u00e3o &#8211; Frutos do mar, peixes, comida japonesa e saladas.<br \/>\nVis\u00e3o &#8211; Amarelo palha brilhante<br \/>\nOlfato &#8211; Notas de abacaxi, baunilha, manteiga.<br \/>\nPaladar &#8211; A acidez viva e a leveza revelam as caracter\u00edsticas de refresc\u00e2ncia e eleg\u00e2ncia do terroir de altitude.<\/p>\n","protected":false},"excerpt":{"rendered":"<p>Monte Agudo Unoaked Chardonnay<\/p>\n","protected":false},"featured_media":12196,"comment_status":"open","ping_status":"closed","template":"","meta":[],"product_cat":[72],"product_tag":[],"_links":{"self":[{"href":"https:\/\/www.vivawines.com.br\/loja\/wp-json\/wp\/v2\/product\/12197"}],"collection":[{"href":"https:\/\/www.vivawines.com.br\/loja\/wp-json\/wp\/v2\/product"}],"about":[{"href":"https:\/\/www.vivawines.com.br\/loja\/wp-json\/wp\/v2\/types\/product"}],"replies":[{"embeddable":true,"href":"https:\/\/www.vivawines.com.br\/loja\/wp-json\/wp\/v2\/comments?post=12197"}],"wp:featuredmedia":[{"embeddable":true,"href":"https:\/\/www.vivawines.com.br\/loja\/wp-json\/wp\/v2\/media\/12196"}],"wp:attachment":[{"href":"https:\/\/www.vivawines.com.br\/loja\/wp-json\/wp\/v2\/media?parent=12197"}],"wp:term":[{"taxonomy":"product_cat","embeddable":true,"href":"https:\/\/www.vivawines.com.br\/loja\/wp-json\/wp\/v2\/product_cat?post=12197"},{"taxonomy":"product_tag","embeddable":true,"href":"https:\/\/www.vivawines.com.br\/loja\/wp-json\/wp\/v2\/product_tag?post=12197"}],"curies":[{"name":"wp","href":"https:\/\/api.w.org\/{rel}","templated":true}]}}