{"id":12201,"date":"2026-02-16T11:33:06","date_gmt":"2026-02-16T14:33:06","guid":{"rendered":"https:\/\/www.vivawines.com.br\/loja\/produto\/prdvb405-11\/"},"modified":"2026-02-16T11:33:06","modified_gmt":"2026-02-16T14:33:06","slug":"prdvb405-11","status":"publish","type":"product","link":"https:\/\/www.vivawines.com.br\/loja\/produto\/prdvb405-11\/","title":{"rendered":"Alto Madero Sauvignon Blanc"},"content":{"rendered":"<p>Tipo de Uva &#8211; Sauvignon Blanc<br \/>\nSafra &#8211; 2017<br \/>\nGradua\u00e7\u00e3o Alco\u00f3lica &#8211; 12%<br \/>\nVolume &#8211; 750 ml<br \/>\nRegi\u00e3o &#8211; Valle de Curic\u00f3, Chile<br \/>\nTipo &#8211; Vinho Fino Branco Seco<br \/>\nElabora\u00e7\u00e3o &#8211; Sem passagem por barrica.<br \/>\nHarmoniza\u00e7\u00e3o &#8211; Peixes, sushi.<br \/>\nVis\u00e3o &#8211; Palha dourado<br \/>\nOlfato &#8211; Frescor define a este vinho, com suas suaves notas de lim\u00e3o, erva cortada e frutas tropicais.<br \/>\nPaladar &#8211; boa acidez e final volumoso e longo.<\/p>\n","protected":false},"excerpt":{"rendered":"<p>Alto Madero Sauvignon Blanc<\/p>\n","protected":false},"featured_media":12200,"comment_status":"open","ping_status":"closed","template":"","meta":[],"product_cat":[72],"product_tag":[],"_links":{"self":[{"href":"https:\/\/www.vivawines.com.br\/loja\/wp-json\/wp\/v2\/product\/12201"}],"collection":[{"href":"https:\/\/www.vivawines.com.br\/loja\/wp-json\/wp\/v2\/product"}],"about":[{"href":"https:\/\/www.vivawines.com.br\/loja\/wp-json\/wp\/v2\/types\/product"}],"replies":[{"embeddable":true,"href":"https:\/\/www.vivawines.com.br\/loja\/wp-json\/wp\/v2\/comments?post=12201"}],"wp:featuredmedia":[{"embeddable":true,"href":"https:\/\/www.vivawines.com.br\/loja\/wp-json\/wp\/v2\/media\/12200"}],"wp:attachment":[{"href":"https:\/\/www.vivawines.com.br\/loja\/wp-json\/wp\/v2\/media?parent=12201"}],"wp:term":[{"taxonomy":"product_cat","embeddable":true,"href":"https:\/\/www.vivawines.com.br\/loja\/wp-json\/wp\/v2\/product_cat?post=12201"},{"taxonomy":"product_tag","embeddable":true,"href":"https:\/\/www.vivawines.com.br\/loja\/wp-json\/wp\/v2\/product_tag?post=12201"}],"curies":[{"name":"wp","href":"https:\/\/api.w.org\/{rel}","templated":true}]}}