{"id":826,"date":"2020-01-21T10:35:39","date_gmt":"2020-01-21T13:35:39","guid":{"rendered":"https:\/\/www.vivawines.com.br\/loja\/produto\/prdvdk101\/"},"modified":"2025-07-18T20:02:01","modified_gmt":"2025-07-18T23:02:01","slug":"prdvdk101","status":"publish","type":"product","link":"https:\/\/www.vivawines.com.br\/loja\/produto\/prdvdk101\/","title":{"rendered":"Vodka PL Primium 700ml"},"content":{"rendered":"<p>A 2\u00b0 maior produtora de vodka da Pol\u00f4nia chega ao Brasil.<br \/>\nVodka.Pl Finest Premium \u00e9 feita a partir de melhor qualidade, quatro vezes destilada de cereais, a mat\u00e9ria-prima nobre para a vodka que d\u00e1 esta bebida cristalina um gosto inalter\u00e1vel e nobre. O consumo desta vodka tradicional polonesa nos d\u00e1 a inesquec\u00edvel e sensual impress\u00e3o, incompar\u00e1vel com outras experi\u00eancias.<br \/>\nConte\u00fado &#8211; 700 ml<br \/>\nComposi\u00e7\u00e3o &#8211; \u00c1lcool et\u00edlico e \u00e1gua desmineralizada.<br \/>\nPremia\u00e7\u00e3o &#8211; Ouro Grape \u2013 Leitores concurso da Win Mundo de 2007.<br \/>\nV\u00e1lido por prazo indeterminado, sempre que conservado em lugar fresco, seco e ao abrigo de luz.<\/p>\n","protected":false},"excerpt":{"rendered":"<p>Vodka PL Primium 700ml<\/p>\n","protected":false},"featured_media":1382,"comment_status":"open","ping_status":"closed","template":"","meta":[],"product_cat":[72],"product_tag":[],"_links":{"self":[{"href":"https:\/\/www.vivawines.com.br\/loja\/wp-json\/wp\/v2\/product\/826"}],"collection":[{"href":"https:\/\/www.vivawines.com.br\/loja\/wp-json\/wp\/v2\/product"}],"about":[{"href":"https:\/\/www.vivawines.com.br\/loja\/wp-json\/wp\/v2\/types\/product"}],"replies":[{"embeddable":true,"href":"https:\/\/www.vivawines.com.br\/loja\/wp-json\/wp\/v2\/comments?post=826"}],"wp:featuredmedia":[{"embeddable":true,"href":"https:\/\/www.vivawines.com.br\/loja\/wp-json\/wp\/v2\/media\/1382"}],"wp:attachment":[{"href":"https:\/\/www.vivawines.com.br\/loja\/wp-json\/wp\/v2\/media?parent=826"}],"wp:term":[{"taxonomy":"product_cat","embeddable":true,"href":"https:\/\/www.vivawines.com.br\/loja\/wp-json\/wp\/v2\/product_cat?post=826"},{"taxonomy":"product_tag","embeddable":true,"href":"https:\/\/www.vivawines.com.br\/loja\/wp-json\/wp\/v2\/product_tag?post=826"}],"curies":[{"name":"wp","href":"https:\/\/api.w.org\/{rel}","templated":true}]}}